{"id":1903378,"date":"2025-02-18T19:26:44","date_gmt":"2025-02-18T17:26:44","guid":{"rendered":"https:\/\/digelius.com\/product\/louis-nicolas-clerambault-jean-henry-danglebert-louis-couperin-gaspard-le-roux-nicolas-antoine-lebegue-marin-marais-kenneth-gilbert-pieces-de-clavecin\/"},"modified":"2026-01-27T20:31:01","modified_gmt":"2026-01-27T18:31:01","slug":"louis-nicolas-clerambault-jean-henry-danglebert-louis-couperin-gaspard-le-roux-nicolas-antoine-lebegue-marin-marais-kenneth-gilbert-pieces-de-clavecin","status":"publish","type":"product","link":"https:\/\/digelius.com\/fi\/product\/louis-nicolas-clerambault-jean-henry-danglebert-louis-couperin-gaspard-le-roux-nicolas-antoine-lebegue-marin-marais-kenneth-gilbert-pieces-de-clavecin\/","title":{"rendered":"Louis-Nicolas Cl\u00e9rambault, Jean-Henry d&#8217;Anglebert, Louis Couperin, Gaspard Le Roux, Nicolas-Antoine Leb\u00e8gue, Marin Marais, Kenneth Gilbert: Pi\u00e8ces De Clavecin"},"content":{"rendered":"<\/p>\n<p>\u2117 1982 Polydor International GmbH Hamburg [1-14, 16, 17-23, 25], 1991 Deutsche Grammophon GmbH Hamburg [15, 24]<\/p>\n<p>Total time: 60:23<\/p>\n","protected":false},"excerpt":{"rendered":"<p>Media Condition: Very Good Plus (VG+)<\/p>\n<p>Sleeve Condition: Near Mint (NM or M-)<\/p>\n<p>Label: Archiv Produktion<\/p>\n<p>Released: 0<\/p>\n","protected":false},"featured_media":3158817,"template":"","meta":{"_acf_changed":false},"product_brand":[],"product_cat":[23],"product_tag":[],"class_list":{"0":"post-1903378","1":"product","2":"type-product","3":"status-publish","4":"has-post-thumbnail","6":"product_cat-classical","8":"first","9":"instock","10":"taxable","11":"shipping-taxable","12":"purchasable","13":"product-type-simple"},"acf":[],"mb":[],"mfb_rest_fields":["title"],"_links":{"self":[{"href":"https:\/\/digelius.com\/fi\/wp-json\/wp\/v2\/product\/1903378","targetHints":{"allow":["GET"]}}],"collection":[{"href":"https:\/\/digelius.com\/fi\/wp-json\/wp\/v2\/product"}],"about":[{"href":"https:\/\/digelius.com\/fi\/wp-json\/wp\/v2\/types\/product"}],"wp:featuredmedia":[{"embeddable":true,"href":"https:\/\/digelius.com\/fi\/wp-json\/wp\/v2\/media\/3158817"}],"wp:attachment":[{"href":"https:\/\/digelius.com\/fi\/wp-json\/wp\/v2\/media?parent=1903378"}],"wp:term":[{"taxonomy":"product_brand","embeddable":true,"href":"https:\/\/digelius.com\/fi\/wp-json\/wp\/v2\/product_brand?post=1903378"},{"taxonomy":"product_cat","embeddable":true,"href":"https:\/\/digelius.com\/fi\/wp-json\/wp\/v2\/product_cat?post=1903378"},{"taxonomy":"product_tag","embeddable":true,"href":"https:\/\/digelius.com\/fi\/wp-json\/wp\/v2\/product_tag?post=1903378"}],"curies":[{"name":"wp","href":"https:\/\/api.w.org\/{rel}","templated":true}]}}