{"id":1903558,"date":"2025-02-18T19:57:01","date_gmt":"2025-02-18T17:57:01","guid":{"rendered":"https:\/\/digelius.com\/product\/franz-schubert-ernst-haefliger-jorg-ewald-dahler-die-schone-mullerin\/"},"modified":"2026-01-27T20:30:58","modified_gmt":"2026-01-27T18:30:58","slug":"franz-schubert-ernst-haefliger-jorg-ewald-dahler-die-schone-mullerin","status":"publish","type":"product","link":"https:\/\/digelius.com\/fi\/product\/franz-schubert-ernst-haefliger-jorg-ewald-dahler-die-schone-mullerin\/","title":{"rendered":"Franz Schubert \/ Ernst H\u00e6fliger*, J\u00f6rg Ewald D\u00e4hler: Die Sch\u00f6ne M\u00fcllerin"},"content":{"rendered":"<\/p>\n<p>Total Time: 60&#8217;12<\/p>\n<p>Jewel case with smooth edges.<\/p>\n","protected":false},"excerpt":{"rendered":"<p>Media Condition: Near Mint (NM or M-)<\/p>\n<p>Sleeve Condition: Near Mint (NM or M-)<\/p>\n<p>Label: Claves,Claves,Claves<\/p>\n<p>Released: 1983<\/p>\n","protected":false},"featured_media":3158782,"template":"","meta":{"_acf_changed":false},"product_brand":[],"product_cat":[23],"product_tag":[],"class_list":{"0":"post-1903558","1":"product","2":"type-product","3":"status-publish","4":"has-post-thumbnail","6":"product_cat-classical","8":"first","9":"instock","10":"taxable","11":"shipping-taxable","12":"purchasable","13":"product-type-simple"},"acf":[],"mb":[],"mfb_rest_fields":["title"],"_links":{"self":[{"href":"https:\/\/digelius.com\/fi\/wp-json\/wp\/v2\/product\/1903558","targetHints":{"allow":["GET"]}}],"collection":[{"href":"https:\/\/digelius.com\/fi\/wp-json\/wp\/v2\/product"}],"about":[{"href":"https:\/\/digelius.com\/fi\/wp-json\/wp\/v2\/types\/product"}],"wp:featuredmedia":[{"embeddable":true,"href":"https:\/\/digelius.com\/fi\/wp-json\/wp\/v2\/media\/3158782"}],"wp:attachment":[{"href":"https:\/\/digelius.com\/fi\/wp-json\/wp\/v2\/media?parent=1903558"}],"wp:term":[{"taxonomy":"product_brand","embeddable":true,"href":"https:\/\/digelius.com\/fi\/wp-json\/wp\/v2\/product_brand?post=1903558"},{"taxonomy":"product_cat","embeddable":true,"href":"https:\/\/digelius.com\/fi\/wp-json\/wp\/v2\/product_cat?post=1903558"},{"taxonomy":"product_tag","embeddable":true,"href":"https:\/\/digelius.com\/fi\/wp-json\/wp\/v2\/product_tag?post=1903558"}],"curies":[{"name":"wp","href":"https:\/\/api.w.org\/{rel}","templated":true}]}}