{"id":1903600,"date":"2025-02-18T20:06:54","date_gmt":"2025-02-18T18:06:54","guid":{"rendered":"https:\/\/digelius.com\/product\/jukka-perko-virtuosi-di-kuhmo-dir-john-storgards-kaanaanmaa-2\/"},"modified":"2026-01-27T19:01:31","modified_gmt":"2026-01-27T17:01:31","slug":"jukka-perko-virtuosi-di-kuhmo-dir-john-storgards-kaanaanmaa-2","status":"publish","type":"product","link":"https:\/\/digelius.com\/fi\/product\/jukka-perko-virtuosi-di-kuhmo-dir-john-storgards-kaanaanmaa-2\/","title":{"rendered":"Jukka Perko \/ Virtuosi Di Kuhmo Dir. John Storg\u00e5rds: Kaanaanmaa"},"content":{"rendered":"<\/p>\n<p>Made in EU.<\/p>\n<p>Tukija: Turun musiikijuhlas\u00e4\u00e4ti\u00f6.<\/p>\n","protected":false},"excerpt":{"rendered":"<p>Media Condition: Very Good Plus (VG+)<\/p>\n<p>Sleeve Condition: Near Mint (NM or M-)<\/p>\n<p>Label: Blue Note<\/p>\n<p>Released: 2002<\/p>\n","protected":false},"featured_media":3158778,"template":"","meta":{"_acf_changed":false},"product_brand":[],"product_cat":[23,93,16,96],"product_tag":[],"class_list":{"0":"post-1903600","1":"product","2":"type-product","3":"status-publish","4":"has-post-thumbnail","6":"product_cat-classical","7":"product_cat-classical-fi","8":"product_cat-jazz","9":"product_cat-jazz-fi","11":"first","12":"instock","13":"taxable","14":"shipping-taxable","15":"purchasable","16":"product-type-simple"},"acf":[],"mb":[],"mfb_rest_fields":["title"],"_links":{"self":[{"href":"https:\/\/digelius.com\/fi\/wp-json\/wp\/v2\/product\/1903600","targetHints":{"allow":["GET"]}}],"collection":[{"href":"https:\/\/digelius.com\/fi\/wp-json\/wp\/v2\/product"}],"about":[{"href":"https:\/\/digelius.com\/fi\/wp-json\/wp\/v2\/types\/product"}],"wp:featuredmedia":[{"embeddable":true,"href":"https:\/\/digelius.com\/fi\/wp-json\/wp\/v2\/media\/3158778"}],"wp:attachment":[{"href":"https:\/\/digelius.com\/fi\/wp-json\/wp\/v2\/media?parent=1903600"}],"wp:term":[{"taxonomy":"product_brand","embeddable":true,"href":"https:\/\/digelius.com\/fi\/wp-json\/wp\/v2\/product_brand?post=1903600"},{"taxonomy":"product_cat","embeddable":true,"href":"https:\/\/digelius.com\/fi\/wp-json\/wp\/v2\/product_cat?post=1903600"},{"taxonomy":"product_tag","embeddable":true,"href":"https:\/\/digelius.com\/fi\/wp-json\/wp\/v2\/product_tag?post=1903600"}],"curies":[{"name":"wp","href":"https:\/\/api.w.org\/{rel}","templated":true}]}}