{"id":1910345,"date":"2025-02-19T18:31:42","date_gmt":"2025-02-19T16:31:42","guid":{"rendered":"https:\/\/digelius.com\/product\/matyas-szandai-mathias-levy-miklos-lukacs-bartok-impressions\/"},"modified":"2026-01-27T17:30:58","modified_gmt":"2026-01-27T15:30:58","slug":"matyas-szandai-mathias-levy-miklos-lukacs-bartok-impressions","status":"publish","type":"product","link":"https:\/\/digelius.com\/fi\/product\/matyas-szandai-mathias-levy-miklos-lukacs-bartok-impressions\/","title":{"rendered":"M\u00e1ty\u00e1s Szandai, Mathias L\u00e9vy, Mikl\u00f3s Luk\u00e1cs: Bart\u00f3k Impressions"},"content":{"rendered":"<\/p>\n","protected":false},"excerpt":{"rendered":"<p>Media Condition: Mint (M)<\/p>\n<p>Sleeve Condition: Mint (M)<\/p>\n<p>Label: Budapest Music Center Records<\/p>\n<p>Released: 2018<\/p>\n","protected":false},"featured_media":3158744,"template":"","meta":{"_acf_changed":false},"product_brand":[],"product_cat":[96,16],"product_tag":[],"class_list":{"0":"post-1910345","1":"product","2":"type-product","3":"status-publish","4":"has-post-thumbnail","6":"product_cat-jazz-fi","7":"product_cat-jazz","9":"first","10":"instock","11":"taxable","12":"shipping-taxable","13":"purchasable","14":"product-type-simple"},"acf":[],"mb":[],"mfb_rest_fields":["title"],"_links":{"self":[{"href":"https:\/\/digelius.com\/fi\/wp-json\/wp\/v2\/product\/1910345","targetHints":{"allow":["GET"]}}],"collection":[{"href":"https:\/\/digelius.com\/fi\/wp-json\/wp\/v2\/product"}],"about":[{"href":"https:\/\/digelius.com\/fi\/wp-json\/wp\/v2\/types\/product"}],"wp:featuredmedia":[{"embeddable":true,"href":"https:\/\/digelius.com\/fi\/wp-json\/wp\/v2\/media\/3158744"}],"wp:attachment":[{"href":"https:\/\/digelius.com\/fi\/wp-json\/wp\/v2\/media?parent=1910345"}],"wp:term":[{"taxonomy":"product_brand","embeddable":true,"href":"https:\/\/digelius.com\/fi\/wp-json\/wp\/v2\/product_brand?post=1910345"},{"taxonomy":"product_cat","embeddable":true,"href":"https:\/\/digelius.com\/fi\/wp-json\/wp\/v2\/product_cat?post=1910345"},{"taxonomy":"product_tag","embeddable":true,"href":"https:\/\/digelius.com\/fi\/wp-json\/wp\/v2\/product_tag?post=1910345"}],"curies":[{"name":"wp","href":"https:\/\/api.w.org\/{rel}","templated":true}]}}