{"id":1910669,"date":"2025-02-19T19:26:44","date_gmt":"2025-02-19T17:26:44","guid":{"rendered":"https:\/\/digelius.com\/product\/jazzmuseo-elavana-pyynikinlinnassa-live-at-pyynikinlinna\/"},"modified":"2026-01-27T13:31:02","modified_gmt":"2026-01-27T11:31:02","slug":"jazzmuseo-elavana-pyynikinlinnassa-live-at-pyynikinlinna","status":"publish","type":"product","link":"https:\/\/digelius.com\/fi\/product\/jazzmuseo-elavana-pyynikinlinnassa-live-at-pyynikinlinna\/","title":{"rendered":"Jazzmuseo: El\u00e4v\u00e4n\u00e4 Pyynikinlinnassa &#8211; Live At Pyynikinlinna"},"content":{"rendered":"<\/p>\n<p>Recorded at Pyynikinlinna Museum on 7 February 2018 [4], 15 March 2018 [1,5,6,8,9], 4 April 2018 [2,3,7,10].<\/p>\n","protected":false},"excerpt":{"rendered":"<p>Media Condition: Mint (M)<\/p>\n<p>Sleeve Condition: Mint (M)<\/p>\n<p>Label: Alba Records<\/p>\n<p>Released: 2018<\/p>\n","protected":false},"featured_media":3158674,"template":"","meta":{"_acf_changed":false},"product_brand":[],"product_cat":[16],"product_tag":[],"class_list":{"0":"post-1910669","1":"product","2":"type-product","3":"status-publish","4":"has-post-thumbnail","6":"product_cat-jazz","8":"first","9":"instock","10":"taxable","11":"shipping-taxable","12":"purchasable","13":"product-type-simple"},"acf":[],"mb":[],"mfb_rest_fields":["title"],"_links":{"self":[{"href":"https:\/\/digelius.com\/fi\/wp-json\/wp\/v2\/product\/1910669","targetHints":{"allow":["GET"]}}],"collection":[{"href":"https:\/\/digelius.com\/fi\/wp-json\/wp\/v2\/product"}],"about":[{"href":"https:\/\/digelius.com\/fi\/wp-json\/wp\/v2\/types\/product"}],"wp:featuredmedia":[{"embeddable":true,"href":"https:\/\/digelius.com\/fi\/wp-json\/wp\/v2\/media\/3158674"}],"wp:attachment":[{"href":"https:\/\/digelius.com\/fi\/wp-json\/wp\/v2\/media?parent=1910669"}],"wp:term":[{"taxonomy":"product_brand","embeddable":true,"href":"https:\/\/digelius.com\/fi\/wp-json\/wp\/v2\/product_brand?post=1910669"},{"taxonomy":"product_cat","embeddable":true,"href":"https:\/\/digelius.com\/fi\/wp-json\/wp\/v2\/product_cat?post=1910669"},{"taxonomy":"product_tag","embeddable":true,"href":"https:\/\/digelius.com\/fi\/wp-json\/wp\/v2\/product_tag?post=1910669"}],"curies":[{"name":"wp","href":"https:\/\/api.w.org\/{rel}","templated":true}]}}