{"id":1969,"date":"2023-12-15T21:34:49","date_gmt":"2023-12-15T19:34:49","guid":{"rendered":"https:\/\/digelius.qb.web-veistamo.fi\/product\/jarmo-saari-jarmo-saari-filmtet-a-tribute-to-finnish-cinema\/"},"modified":"2026-02-04T14:30:58","modified_gmt":"2026-02-04T12:30:58","slug":"jarmo-saari-jarmo-saari-filmtet-a-tribute-to-finnish-cinema","status":"publish","type":"product","link":"https:\/\/digelius.com\/fi\/product\/jarmo-saari-jarmo-saari-filmtet-a-tribute-to-finnish-cinema\/","title":{"rendered":"Jarmo Saari: Jarmo Saari Filmtet: A Tribute To Finnish Cinema"},"content":{"rendered":"<p>Pickup possible at Digelius Music in Helsinki (by selecting the &quot;local pickup&quot; shipping option).<\/p>\n<p>1. Prologi (Jarmo Saari) Manus; Narration performed by Elina Salo, from the motion picture &#8221;Y\u00f6 ja p\u00e4iv\u00e4&#8221; directed by Risto Jarva &amp; Jaakko Pakkasvirta 1962<\/p>\n<p>2. Rilluma-rei! (Toivo K\u00e4rki) Warner\/Chappell Music Finland; Music based on the themes from the following motion pictures: &#8221;Rovaniemen markkinoilla&#8221; directed by Jorma Nortimo 1951, &#8221;Lent\u00e4v\u00e4 kalakukko&#8221; directed by Ville Salminen 1953, &#8221;Muhoksen Mimmi&#8221; directed by Jorma Nortimo 1952 and &#8221;Pekka ja P\u00e4tk\u00e4 lumimiehen j\u00e4ljill\u00e4&#8221; directed by Armand Lohikoski 1954<\/p>\n<p>3. Sinua, sinua rakastan (Kaj Chydenius) Warner\/Chappell Music Finland; From the motion picture &#8221;Asfalttilampaat&#8221; directed by Mikko Niskanen 1968<\/p>\n<p>4. Lasisyd\u00e4n (Jaakko Salo) Warner\/Chappell Music Finland; From the motion picture &#8221;Lasisyd\u00e4n&#8221; directed by Matti Kassila 1959<\/p>\n<p>5. Lumikuningatar (Jukka Linkola) Syrene Music Oy; From the motion picture &#8221;Lumikuningatar&#8221; directed by P\u00e4ivi Hartzell 1986<br \/>\nFeaturing a sample from original soundtrack recording of &#8221;Lumikuningatar&#8221; (Music from the film, Jukka Linkola 1986) courtesy of Finlandia Records<\/p>\n<p>6. P\u00e4\u00e4skytorni (Otto Donner) Love Kustannus; Based on the themes from the motion pictures &#8221;Ruusujen aika&#8221; directed by Risto Jarva 1969 and &#8221;Punahilkka&#8221; directed by Timo Bergholm 1968<\/p>\n<p>7. Sota ja raha (Juha Tikka &amp; Tuomas Kantelinen) Manus; Based on the themes from the motion pictures &#8221;Talvisota&#8221; directed by Pekka Parikka 1989 and &#8221;Rukaj\u00e4rven tie&#8221; directed by Olli Saarela 1999<br \/>\nFeaturing a sample from the original soundtrack recording of &#8221;Rukaj\u00e4rven tie&#8221; (Tuomas Kantelinen 1999) courtesy of Ondine Records<\/p>\n<p>8. Klaani\/Juha (Anssi Tikanm\u00e4ki)Love Kustannus\/Oy Bardi; Based on the themes from the motion pictures &#8221;Klaani&#8221; and &#8221;Arvottomat&#8221; directed by Mika Kaurism\u00e4ki 1984 and &#8221;Juha&#8221; directed by Aki Kaurism\u00e4ki 1998<\/p>\n<p>9. Akselin ja Elinan h\u00e4\u00e4valssi (Heikki Aaltoila) Warner\/Chappell Music Finland; From the motion picture &#8221;T\u00e4\u00e4ll\u00e4 Pohjant\u00e4hden alla&#8221; directed by Edwin Laine 1968<\/p>\n","protected":false},"excerpt":{"rendered":"<p>Media Condition: Near Mint (NM or M-)<\/p>\n<p>Sleeve Condition: Near Mint (NM or M-)<\/p>\n<p>Label: EMI<\/p>\n<p>Released: 2001<\/p>\n","protected":false},"featured_media":3157826,"template":"","meta":{"_acf_changed":false},"product_brand":[],"product_cat":[16,142],"product_tag":[],"class_list":{"0":"post-1969","1":"product","2":"type-product","3":"status-publish","4":"has-post-thumbnail","6":"product_cat-jazz","7":"product_cat-stage-screen","9":"first","10":"instock","11":"taxable","12":"shipping-taxable","13":"purchasable","14":"product-type-simple"},"acf":[],"mb":[],"mfb_rest_fields":["title"],"_links":{"self":[{"href":"https:\/\/digelius.com\/fi\/wp-json\/wp\/v2\/product\/1969","targetHints":{"allow":["GET"]}}],"collection":[{"href":"https:\/\/digelius.com\/fi\/wp-json\/wp\/v2\/product"}],"about":[{"href":"https:\/\/digelius.com\/fi\/wp-json\/wp\/v2\/types\/product"}],"wp:featuredmedia":[{"embeddable":true,"href":"https:\/\/digelius.com\/fi\/wp-json\/wp\/v2\/media\/3157826"}],"wp:attachment":[{"href":"https:\/\/digelius.com\/fi\/wp-json\/wp\/v2\/media?parent=1969"}],"wp:term":[{"taxonomy":"product_brand","embeddable":true,"href":"https:\/\/digelius.com\/fi\/wp-json\/wp\/v2\/product_brand?post=1969"},{"taxonomy":"product_cat","embeddable":true,"href":"https:\/\/digelius.com\/fi\/wp-json\/wp\/v2\/product_cat?post=1969"},{"taxonomy":"product_tag","embeddable":true,"href":"https:\/\/digelius.com\/fi\/wp-json\/wp\/v2\/product_tag?post=1969"}],"curies":[{"name":"wp","href":"https:\/\/api.w.org\/{rel}","templated":true}]}}