{"id":19867,"date":"2023-12-25T13:50:48","date_gmt":"2023-12-25T11:50:48","guid":{"rendered":"https:\/\/digelius.qb.web-veistamo.fi\/product\/pavel-blatny-orchestr-g-broma-jocr-kvarteto-mesta-brna-dialogy-studie\/"},"modified":"2026-02-09T03:01:45","modified_gmt":"2026-02-09T01:01:45","slug":"pavel-blatny-orchestr-g-broma-jocr-kvarteto-mesta-brna-dialogy-studie","status":"publish","type":"product","link":"https:\/\/digelius.com\/fi\/product\/pavel-blatny-orchestr-g-broma-jocr-kvarteto-mesta-brna-dialogy-studie\/","title":{"rendered":"Pavel Blatn\u00fd, Orchestr G. Broma*, JO\u010cR*, Kvarteto M\u011bsta Brna*: Dialogy \u2014 Studie"},"content":{"rendered":"<p>Pickup possible at our Helsinki store (by selecting the &quot;local pickup&quot; option). <\/p>\n<p>P\u0159evzat\u00e9 sn\u00edmky \u010cs. rozhlasu Brno\/Original recordings by Czechoslovak Radio Brno [A1, A2, B1, B2, B3]<br \/>\nP\u0159evzat\u00fd sn\u00edmek \u010cs. rozhlasu Praha\/Original recording by Czechoslovak Radio Prague [A3]<br \/>\nCover \u00a9 1977<br \/>\nPhoto \u00a9 1977<br \/>\nSleevenote \u00a9 1977 <\/p>\n<p>Made in Czechoslovakia<br \/>\n\u2117 1977 <\/p>\n<p>Compiled from Czechoslovak Radio recordings, probably ca. 1972\u20131975. <\/p>\n","protected":false},"excerpt":{"rendered":"<p>Media Condition: Near Mint (NM or M-)<\/p>\n<p>Sleeve Condition: Very Good (VG)<\/p>\n<p>Label: Panton<\/p>\n<p>Released: 1978<\/p>\n","protected":false},"featured_media":3159446,"template":"","meta":{"_acf_changed":false},"product_brand":[],"product_cat":[23,16],"product_tag":[],"class_list":{"0":"post-19867","1":"product","2":"type-product","3":"status-publish","4":"has-post-thumbnail","6":"product_cat-classical","7":"product_cat-jazz","9":"first","10":"instock","11":"taxable","12":"shipping-taxable","13":"purchasable","14":"product-type-simple"},"acf":[],"mb":[],"mfb_rest_fields":["title"],"_links":{"self":[{"href":"https:\/\/digelius.com\/fi\/wp-json\/wp\/v2\/product\/19867","targetHints":{"allow":["GET"]}}],"collection":[{"href":"https:\/\/digelius.com\/fi\/wp-json\/wp\/v2\/product"}],"about":[{"href":"https:\/\/digelius.com\/fi\/wp-json\/wp\/v2\/types\/product"}],"wp:featuredmedia":[{"embeddable":true,"href":"https:\/\/digelius.com\/fi\/wp-json\/wp\/v2\/media\/3159446"}],"wp:attachment":[{"href":"https:\/\/digelius.com\/fi\/wp-json\/wp\/v2\/media?parent=19867"}],"wp:term":[{"taxonomy":"product_brand","embeddable":true,"href":"https:\/\/digelius.com\/fi\/wp-json\/wp\/v2\/product_brand?post=19867"},{"taxonomy":"product_cat","embeddable":true,"href":"https:\/\/digelius.com\/fi\/wp-json\/wp\/v2\/product_cat?post=19867"},{"taxonomy":"product_tag","embeddable":true,"href":"https:\/\/digelius.com\/fi\/wp-json\/wp\/v2\/product_tag?post=19867"}],"curies":[{"name":"wp","href":"https:\/\/api.w.org\/{rel}","templated":true}]}}