{"id":20223,"date":"2023-12-25T20:31:50","date_gmt":"2023-12-25T18:31:50","guid":{"rendered":"https:\/\/digelius.qb.web-veistamo.fi\/product\/rajayttajat-rock-n-roll-painajainen\/"},"modified":"2026-02-09T16:01:28","modified_gmt":"2026-02-09T14:01:28","slug":"rajayttajat-rock-n-roll-painajainen","status":"publish","type":"product","link":"https:\/\/digelius.com\/fi\/product\/rajayttajat-rock-n-roll-painajainen\/","title":{"rendered":"R\u00e4j\u00e4ytt\u00e4j\u00e4t: Rock &#8217;N&#8217; Roll Painajainen"},"content":{"rendered":"<p>New copy. Pickup possible at our Helsinki store (by selecting the &quot;local pickup&quot; option). <\/p>\n<p>Text from the cover sheet: &#8221;Recorded at basement studios Gran Canaria, Keljo slaughterhouse and Reed mansion Jyv\u00e4skyl\u00e4, Nussijaisen pornokoppi &amp; Siltasen puutarha Tampere. Tape operator Raaka Gini. Mixed at Hill of the Lords, Tampere by Risto Ylih\u00e4rsil\u00e4. Mastered by Pizzamestarit. Kotelo by naaprin set\u00e4 &amp; Porin Eetu. Thanks to Teemu Bergman for opening line in Lo Speed &amp; Hi Speed Rock&#8217;N&#8217;Roll.&#8221;<\/p>\n","protected":false},"excerpt":{"rendered":"<p>Media Condition: Mint (M)<\/p>\n<p>Sleeve Condition: Mint (M)<\/p>\n<p>Label: Ektro Records<\/p>\n<p>Released: 2014<\/p>\n","protected":false},"featured_media":3159406,"template":"","meta":{"_acf_changed":false},"product_brand":[],"product_cat":[27],"product_tag":[],"class_list":{"0":"post-20223","1":"product","2":"type-product","3":"status-publish","4":"has-post-thumbnail","6":"product_cat-rock","8":"first","9":"instock","10":"taxable","11":"shipping-taxable","12":"purchasable","13":"product-type-simple"},"acf":[],"mb":[],"mfb_rest_fields":["title"],"_links":{"self":[{"href":"https:\/\/digelius.com\/fi\/wp-json\/wp\/v2\/product\/20223","targetHints":{"allow":["GET"]}}],"collection":[{"href":"https:\/\/digelius.com\/fi\/wp-json\/wp\/v2\/product"}],"about":[{"href":"https:\/\/digelius.com\/fi\/wp-json\/wp\/v2\/types\/product"}],"wp:featuredmedia":[{"embeddable":true,"href":"https:\/\/digelius.com\/fi\/wp-json\/wp\/v2\/media\/3159406"}],"wp:attachment":[{"href":"https:\/\/digelius.com\/fi\/wp-json\/wp\/v2\/media?parent=20223"}],"wp:term":[{"taxonomy":"product_brand","embeddable":true,"href":"https:\/\/digelius.com\/fi\/wp-json\/wp\/v2\/product_brand?post=20223"},{"taxonomy":"product_cat","embeddable":true,"href":"https:\/\/digelius.com\/fi\/wp-json\/wp\/v2\/product_cat?post=20223"},{"taxonomy":"product_tag","embeddable":true,"href":"https:\/\/digelius.com\/fi\/wp-json\/wp\/v2\/product_tag?post=20223"}],"curies":[{"name":"wp","href":"https:\/\/api.w.org\/{rel}","templated":true}]}}