{"id":20289,"date":"2023-12-25T21:37:47","date_gmt":"2023-12-25T19:37:47","guid":{"rendered":"https:\/\/digelius.qb.web-veistamo.fi\/product\/begravningsentreprenorerna-jamna-plagor\/"},"modified":"2026-02-09T18:31:35","modified_gmt":"2026-02-09T16:31:35","slug":"begravningsentreprenorerna-jamna-plagor","status":"publish","type":"product","link":"https:\/\/digelius.com\/fi\/product\/begravningsentreprenorerna-jamna-plagor\/","title":{"rendered":"Begravningsentrepren\u00f6rerna: J\u00e4mna Pl\u00e5gor"},"content":{"rendered":"<p>New copy. Pickup possible at our Helsinki store (by selecting the &quot;local pickup&quot; option). <\/p><\/p>\n","protected":false},"excerpt":{"rendered":"<p>Media Condition: Mint (M)<\/p>\n<p>Sleeve Condition: Mint (M)<\/p>\n<p>Label: Full Contact Records (2)<\/p>\n<p>Released: 2018<\/p>\n","protected":false},"featured_media":3159396,"template":"","meta":{"_acf_changed":false},"product_brand":[],"product_cat":[27],"product_tag":[],"class_list":{"0":"post-20289","1":"product","2":"type-product","3":"status-publish","4":"has-post-thumbnail","6":"product_cat-rock","8":"first","9":"instock","10":"taxable","11":"shipping-taxable","12":"purchasable","13":"product-type-simple"},"acf":[],"mb":[],"mfb_rest_fields":["title"],"_links":{"self":[{"href":"https:\/\/digelius.com\/fi\/wp-json\/wp\/v2\/product\/20289","targetHints":{"allow":["GET"]}}],"collection":[{"href":"https:\/\/digelius.com\/fi\/wp-json\/wp\/v2\/product"}],"about":[{"href":"https:\/\/digelius.com\/fi\/wp-json\/wp\/v2\/types\/product"}],"wp:featuredmedia":[{"embeddable":true,"href":"https:\/\/digelius.com\/fi\/wp-json\/wp\/v2\/media\/3159396"}],"wp:attachment":[{"href":"https:\/\/digelius.com\/fi\/wp-json\/wp\/v2\/media?parent=20289"}],"wp:term":[{"taxonomy":"product_brand","embeddable":true,"href":"https:\/\/digelius.com\/fi\/wp-json\/wp\/v2\/product_brand?post=20289"},{"taxonomy":"product_cat","embeddable":true,"href":"https:\/\/digelius.com\/fi\/wp-json\/wp\/v2\/product_cat?post=20289"},{"taxonomy":"product_tag","embeddable":true,"href":"https:\/\/digelius.com\/fi\/wp-json\/wp\/v2\/product_tag?post=20289"}],"curies":[{"name":"wp","href":"https:\/\/api.w.org\/{rel}","templated":true}]}}