{"id":2059786,"date":"2025-03-12T12:44:22","date_gmt":"2025-03-12T10:44:22","guid":{"rendered":"https:\/\/digelius.com\/product\/kom-teatteri-musette-valssi-mirabeaun-silta\/"},"modified":"2025-12-04T23:10:25","modified_gmt":"2025-12-04T21:10:25","slug":"kom-teatteri-musette-valssi-mirabeaun-silta","status":"publish","type":"product","link":"https:\/\/digelius.com\/fi\/product\/kom-teatteri-musette-valssi-mirabeaun-silta\/","title":{"rendered":"KOM Teatteri*: Musette-valssi \/ Mirabeaun Silta"},"content":{"rendered":"<p>Pickup possible at Digelius Music in Helsinki (by selecting the &quot;local pickup&quot; shipping option).<\/p>\n<p>Sis\u00e4ltyy KOM-teatterin produktioon JULES JA JIM (Roch\u00e9-Kairimo) ohjaus Laura J\u00e4ntti. Ensi-ilta 10.9.1992<\/p>\n","protected":false},"excerpt":{"rendered":"<p>Media Condition: Very Good Plus (VG+)<\/p>\n<p>Sleeve Condition: Very Good (VG)<\/p>\n<p>Label: Pyramid<\/p>\n<p>Released: 1992<\/p>\n","protected":false},"featured_media":3150150,"template":"","meta":{"_acf_changed":false},"product_brand":[],"product_cat":[142],"product_tag":[],"class_list":{"0":"post-2059786","1":"product","2":"type-product","3":"status-publish","4":"has-post-thumbnail","6":"product_cat-stage-screen","8":"first","9":"instock","10":"taxable","11":"shipping-taxable","12":"purchasable","13":"product-type-simple"},"acf":[],"mb":[],"mfb_rest_fields":["title"],"_links":{"self":[{"href":"https:\/\/digelius.com\/fi\/wp-json\/wp\/v2\/product\/2059786","targetHints":{"allow":["GET"]}}],"collection":[{"href":"https:\/\/digelius.com\/fi\/wp-json\/wp\/v2\/product"}],"about":[{"href":"https:\/\/digelius.com\/fi\/wp-json\/wp\/v2\/types\/product"}],"wp:featuredmedia":[{"embeddable":true,"href":"https:\/\/digelius.com\/fi\/wp-json\/wp\/v2\/media\/3150150"}],"wp:attachment":[{"href":"https:\/\/digelius.com\/fi\/wp-json\/wp\/v2\/media?parent=2059786"}],"wp:term":[{"taxonomy":"product_brand","embeddable":true,"href":"https:\/\/digelius.com\/fi\/wp-json\/wp\/v2\/product_brand?post=2059786"},{"taxonomy":"product_cat","embeddable":true,"href":"https:\/\/digelius.com\/fi\/wp-json\/wp\/v2\/product_cat?post=2059786"},{"taxonomy":"product_tag","embeddable":true,"href":"https:\/\/digelius.com\/fi\/wp-json\/wp\/v2\/product_tag?post=2059786"}],"curies":[{"name":"wp","href":"https:\/\/api.w.org\/{rel}","templated":true}]}}