{"id":2075525,"date":"2025-03-14T17:24:18","date_gmt":"2025-03-14T15:24:18","guid":{"rendered":"https:\/\/digelius.com\/product\/acid-mothers-reynols-vol-2\/"},"modified":"2026-02-09T00:01:26","modified_gmt":"2026-02-08T22:01:26","slug":"acid-mothers-reynols-vol-2","status":"publish","type":"product","link":"https:\/\/digelius.com\/fi\/product\/acid-mothers-reynols-vol-2\/","title":{"rendered":"Acid Mothers Reynols: Vol.2"},"content":{"rendered":"<p>New copy. Pickup possible at our Helsinki store (by selecting the &quot;local pickup&quot; option). <\/p>\n<p>Recorded at El Pie Studio, Buenos Aires, Argentina, November 2017. Mixed at Van Vliet Studios, Buenos Aires, Argentina, July 2019.<\/p>\n<p>Thanks to : Tomas\u00edn Family, Hern\u00e1n Calvo, Mario de Crist\u00f3faro, Pablo &amp; Ceci Fagoaga, Duilio Pierri, Alejandro Maly, Marc Teare and all the friends everywhere.<\/p>\n","protected":false},"excerpt":{"rendered":"<p>Media Condition: Mint (M)<\/p>\n<p>Sleeve Condition: Mint (M)<\/p>\n<p>Label: Hive Mind Records<\/p>\n<p>Released: 2022<\/p>\n","protected":false},"featured_media":3150138,"template":"","meta":{"_acf_changed":false},"product_brand":[],"product_cat":[27],"product_tag":[],"class_list":{"0":"post-2075525","1":"product","2":"type-product","3":"status-publish","4":"has-post-thumbnail","6":"product_cat-rock","8":"first","9":"instock","10":"taxable","11":"shipping-taxable","12":"purchasable","13":"product-type-simple"},"acf":[],"mb":[],"mfb_rest_fields":["title"],"_links":{"self":[{"href":"https:\/\/digelius.com\/fi\/wp-json\/wp\/v2\/product\/2075525","targetHints":{"allow":["GET"]}}],"collection":[{"href":"https:\/\/digelius.com\/fi\/wp-json\/wp\/v2\/product"}],"about":[{"href":"https:\/\/digelius.com\/fi\/wp-json\/wp\/v2\/types\/product"}],"wp:featuredmedia":[{"embeddable":true,"href":"https:\/\/digelius.com\/fi\/wp-json\/wp\/v2\/media\/3150138"}],"wp:attachment":[{"href":"https:\/\/digelius.com\/fi\/wp-json\/wp\/v2\/media?parent=2075525"}],"wp:term":[{"taxonomy":"product_brand","embeddable":true,"href":"https:\/\/digelius.com\/fi\/wp-json\/wp\/v2\/product_brand?post=2075525"},{"taxonomy":"product_cat","embeddable":true,"href":"https:\/\/digelius.com\/fi\/wp-json\/wp\/v2\/product_cat?post=2075525"},{"taxonomy":"product_tag","embeddable":true,"href":"https:\/\/digelius.com\/fi\/wp-json\/wp\/v2\/product_tag?post=2075525"}],"curies":[{"name":"wp","href":"https:\/\/api.w.org\/{rel}","templated":true}]}}