{"id":21389,"date":"2023-12-26T13:24:04","date_gmt":"2023-12-26T11:24:04","guid":{"rendered":"https:\/\/digelius.qb.web-veistamo.fi\/product\/raphael-fays-vivi-swing\/"},"modified":"2026-02-11T02:01:13","modified_gmt":"2026-02-11T00:01:13","slug":"raphael-fays-vivi-swing","status":"publish","type":"product","link":"https:\/\/digelius.com\/fi\/product\/raphael-fays-vivi-swing\/","title":{"rendered":"Rapha\u00ebl Fa\u00ffs*: Vivi Swing"},"content":{"rendered":"<p>EX\/EX. Pickup possible at our Helsinki store (by selecting the &quot;local pickup&quot; option).<\/p>\n<p>Enregistrement public \u00e0 Londres et \u00e0 Montreux<br \/>\nEnregistr\u00e9 le 17 d\u00e9cembre 1981 en public \u00e0 St. John Smith Square, Londres<br \/>\nSauf &#8221;Nuages&#8221; enregistr\u00e9 en public au festival de Montreux 1981<br \/>\nMix\u00e9 au studio Davout \u00e0 Paris.<\/p>\n","protected":false},"excerpt":{"rendered":"<p>Media Condition: Very Good Plus (VG+)<\/p>\n<p>Sleeve Condition: Very Good Plus (VG+)<\/p>\n<p>Label: WEA<\/p>\n<p>Released: 1982<\/p>\n","protected":false},"featured_media":3159277,"template":"","meta":{"_acf_changed":false},"product_brand":[],"product_cat":[16],"product_tag":[],"class_list":{"0":"post-21389","1":"product","2":"type-product","3":"status-publish","4":"has-post-thumbnail","6":"product_cat-jazz","8":"first","9":"instock","10":"taxable","11":"shipping-taxable","12":"purchasable","13":"product-type-simple"},"acf":[],"mb":[],"mfb_rest_fields":["title"],"_links":{"self":[{"href":"https:\/\/digelius.com\/fi\/wp-json\/wp\/v2\/product\/21389","targetHints":{"allow":["GET"]}}],"collection":[{"href":"https:\/\/digelius.com\/fi\/wp-json\/wp\/v2\/product"}],"about":[{"href":"https:\/\/digelius.com\/fi\/wp-json\/wp\/v2\/types\/product"}],"wp:featuredmedia":[{"embeddable":true,"href":"https:\/\/digelius.com\/fi\/wp-json\/wp\/v2\/media\/3159277"}],"wp:attachment":[{"href":"https:\/\/digelius.com\/fi\/wp-json\/wp\/v2\/media?parent=21389"}],"wp:term":[{"taxonomy":"product_brand","embeddable":true,"href":"https:\/\/digelius.com\/fi\/wp-json\/wp\/v2\/product_brand?post=21389"},{"taxonomy":"product_cat","embeddable":true,"href":"https:\/\/digelius.com\/fi\/wp-json\/wp\/v2\/product_cat?post=21389"},{"taxonomy":"product_tag","embeddable":true,"href":"https:\/\/digelius.com\/fi\/wp-json\/wp\/v2\/product_tag?post=21389"}],"curies":[{"name":"wp","href":"https:\/\/api.w.org\/{rel}","templated":true}]}}