{"id":2151124,"date":"2025-03-25T07:44:15","date_gmt":"2025-03-25T05:44:15","guid":{"rendered":"https:\/\/digelius.com\/product\/ryhmaseksiteatteri-siita-ja-sen-kestavyydesta\/"},"modified":"2026-01-26T22:30:56","modified_gmt":"2026-01-26T20:30:56","slug":"ryhmaseksiteatteri-siita-ja-sen-kestavyydesta","status":"publish","type":"product","link":"https:\/\/digelius.com\/fi\/product\/ryhmaseksiteatteri-siita-ja-sen-kestavyydesta\/","title":{"rendered":"Ryhm\u00e4seksiteatteri: Siit\u00e4 Ja Sen Kest\u00e4vyydest\u00e4&#8230;"},"content":{"rendered":"<\/p>\n<p>Ajanvietett\u00e4 vain aikuisille<\/p>\n","protected":false},"excerpt":{"rendered":"<p>Media Condition: Very Good (VG)<\/p>\n<p>Sleeve Condition: Very Good Plus (VG+)<\/p>\n<p>Label: Shokki<\/p>\n<p>Released: 1971<\/p>\n","protected":false},"featured_media":3149990,"template":"","meta":{"_acf_changed":false},"product_brand":[],"product_cat":[441],"product_tag":[],"class_list":{"0":"post-2151124","1":"product","2":"type-product","3":"status-publish","4":"has-post-thumbnail","6":"product_cat-non-music","8":"first","9":"instock","10":"taxable","11":"shipping-taxable","12":"purchasable","13":"product-type-simple"},"acf":[],"mb":[],"mfb_rest_fields":["title"],"_links":{"self":[{"href":"https:\/\/digelius.com\/fi\/wp-json\/wp\/v2\/product\/2151124","targetHints":{"allow":["GET"]}}],"collection":[{"href":"https:\/\/digelius.com\/fi\/wp-json\/wp\/v2\/product"}],"about":[{"href":"https:\/\/digelius.com\/fi\/wp-json\/wp\/v2\/types\/product"}],"wp:featuredmedia":[{"embeddable":true,"href":"https:\/\/digelius.com\/fi\/wp-json\/wp\/v2\/media\/3149990"}],"wp:attachment":[{"href":"https:\/\/digelius.com\/fi\/wp-json\/wp\/v2\/media?parent=2151124"}],"wp:term":[{"taxonomy":"product_brand","embeddable":true,"href":"https:\/\/digelius.com\/fi\/wp-json\/wp\/v2\/product_brand?post=2151124"},{"taxonomy":"product_cat","embeddable":true,"href":"https:\/\/digelius.com\/fi\/wp-json\/wp\/v2\/product_cat?post=2151124"},{"taxonomy":"product_tag","embeddable":true,"href":"https:\/\/digelius.com\/fi\/wp-json\/wp\/v2\/product_tag?post=2151124"}],"curies":[{"name":"wp","href":"https:\/\/api.w.org\/{rel}","templated":true}]}}