{"id":2154970,"date":"2025-03-25T20:41:37","date_gmt":"2025-03-25T18:41:37","guid":{"rendered":"https:\/\/digelius.com\/product\/top-ranking-eric-the-astronauts-in-babylon-peili-kertoo-on-tyhjaa-taalla-tanaan\/"},"modified":"2025-11-26T05:40:25","modified_gmt":"2025-11-26T03:40:25","slug":"top-ranking-eric-the-astronauts-in-babylon-peili-kertoo-on-tyhjaa-taalla-tanaan","status":"publish","type":"product","link":"https:\/\/digelius.com\/fi\/product\/top-ranking-eric-the-astronauts-in-babylon-peili-kertoo-on-tyhjaa-taalla-tanaan\/","title":{"rendered":"Top Ranking Eric &amp; The Astronauts In Babylon: Peili Kertoo \/ On Tyhj\u00e4\u00e4 T\u00e4\u00e4ll\u00e4 T\u00e4n\u00e4\u00e4n"},"content":{"rendered":"<\/p>\n<p>Recorded at Finnvox Studio One<\/p>\n","protected":false},"excerpt":{"rendered":"<p>Media Condition: Very Good Plus (VG+)<\/p>\n<p>Sleeve Condition: Very Good Plus (VG+)<\/p>\n<p>Label: Johanna<\/p>\n<p>Released: 1980<\/p>\n","protected":false},"featured_media":3149922,"template":"","meta":{"_acf_changed":false},"product_brand":[],"product_cat":[225],"product_tag":[],"class_list":{"0":"post-2154970","1":"product","2":"type-product","3":"status-publish","4":"has-post-thumbnail","6":"product_cat-reggae","8":"first","9":"instock","10":"taxable","11":"shipping-taxable","12":"purchasable","13":"product-type-simple"},"acf":[],"mb":[],"mfb_rest_fields":["title"],"_links":{"self":[{"href":"https:\/\/digelius.com\/fi\/wp-json\/wp\/v2\/product\/2154970","targetHints":{"allow":["GET"]}}],"collection":[{"href":"https:\/\/digelius.com\/fi\/wp-json\/wp\/v2\/product"}],"about":[{"href":"https:\/\/digelius.com\/fi\/wp-json\/wp\/v2\/types\/product"}],"wp:featuredmedia":[{"embeddable":true,"href":"https:\/\/digelius.com\/fi\/wp-json\/wp\/v2\/media\/3149922"}],"wp:attachment":[{"href":"https:\/\/digelius.com\/fi\/wp-json\/wp\/v2\/media?parent=2154970"}],"wp:term":[{"taxonomy":"product_brand","embeddable":true,"href":"https:\/\/digelius.com\/fi\/wp-json\/wp\/v2\/product_brand?post=2154970"},{"taxonomy":"product_cat","embeddable":true,"href":"https:\/\/digelius.com\/fi\/wp-json\/wp\/v2\/product_cat?post=2154970"},{"taxonomy":"product_tag","embeddable":true,"href":"https:\/\/digelius.com\/fi\/wp-json\/wp\/v2\/product_tag?post=2154970"}],"curies":[{"name":"wp","href":"https:\/\/api.w.org\/{rel}","templated":true}]}}