{"id":2160656,"date":"2025-03-26T15:36:40","date_gmt":"2025-03-26T13:36:40","guid":{"rendered":"https:\/\/digelius.com\/product\/tomutonttu-halki-pilvien\/"},"modified":"2026-01-26T14:31:00","modified_gmt":"2026-01-26T12:31:00","slug":"tomutonttu-halki-pilvien","status":"publish","type":"product","link":"https:\/\/digelius.com\/fi\/product\/tomutonttu-halki-pilvien\/","title":{"rendered":"Tomutonttu: Halki Pilvien"},"content":{"rendered":"<\/p>\n<p>Osa t\u00e4st\u00e4 musiikista sai alkunsa Tomutontun Asbestos-taidetilaan syksyll\u00e4 2023 valmistamasta esityksest\u00e4. Levylle \u00e4\u00e4ni\u00e4 lainasivat Null Sekunden (A3, B4), Natalia Beylis (B6), Ju Suk Reet Meate (B6) ja Rock &#8217;N&#8217; Roll Jackie (B6).<br \/>\nJussi Lehtisalo masteroi.<br \/>\nKiitos Koneen S\u00e4\u00e4ti\u00f6lle tuesta.<br \/>\nAlbumin julkaisee kasettina Edi\u00e7\u00f5es CN.<\/p>\n","protected":false},"excerpt":{"rendered":"<p>Media Condition: Mint (M)<\/p>\n<p>Sleeve Condition: Mint (M)<\/p>\n<p>Label: Ektro Records<\/p>\n<p>Released: 2024<\/p>\n","protected":false},"featured_media":3149898,"template":"","meta":{"_acf_changed":false},"product_brand":[],"product_cat":[22],"product_tag":[],"class_list":{"0":"post-2160656","1":"product","2":"type-product","3":"status-publish","4":"has-post-thumbnail","6":"product_cat-electronic","8":"first","9":"instock","10":"taxable","11":"shipping-taxable","12":"purchasable","13":"product-type-simple"},"acf":[],"mb":[],"mfb_rest_fields":["title"],"_links":{"self":[{"href":"https:\/\/digelius.com\/fi\/wp-json\/wp\/v2\/product\/2160656","targetHints":{"allow":["GET"]}}],"collection":[{"href":"https:\/\/digelius.com\/fi\/wp-json\/wp\/v2\/product"}],"about":[{"href":"https:\/\/digelius.com\/fi\/wp-json\/wp\/v2\/types\/product"}],"wp:featuredmedia":[{"embeddable":true,"href":"https:\/\/digelius.com\/fi\/wp-json\/wp\/v2\/media\/3149898"}],"wp:attachment":[{"href":"https:\/\/digelius.com\/fi\/wp-json\/wp\/v2\/media?parent=2160656"}],"wp:term":[{"taxonomy":"product_brand","embeddable":true,"href":"https:\/\/digelius.com\/fi\/wp-json\/wp\/v2\/product_brand?post=2160656"},{"taxonomy":"product_cat","embeddable":true,"href":"https:\/\/digelius.com\/fi\/wp-json\/wp\/v2\/product_cat?post=2160656"},{"taxonomy":"product_tag","embeddable":true,"href":"https:\/\/digelius.com\/fi\/wp-json\/wp\/v2\/product_tag?post=2160656"}],"curies":[{"name":"wp","href":"https:\/\/api.w.org\/{rel}","templated":true}]}}