{"id":21927,"date":"2023-12-28T06:29:56","date_gmt":"2023-12-28T04:29:56","guid":{"rendered":"https:\/\/digelius.qb.web-veistamo.fi\/product\/maija-hapuoja-kuutamo-metsassa-heikki-sarmannon-musiikkia-suomalaisiin-runoihin\/"},"modified":"2026-02-11T18:31:36","modified_gmt":"2026-02-11T16:31:36","slug":"maija-hapuoja-kuutamo-metsassa-heikki-sarmannon-musiikkia-suomalaisiin-runoihin","status":"publish","type":"product","link":"https:\/\/digelius.com\/fi\/product\/maija-hapuoja-kuutamo-metsassa-heikki-sarmannon-musiikkia-suomalaisiin-runoihin\/","title":{"rendered":"Maija Hapuoja: Kuutamo Mets\u00e4ss\u00e4 (Heikki Sarmannon Musiikkia Suomalaisiin Runoihin)"},"content":{"rendered":"<p>Vinyl EX. Pickup possible at our Helsinki store (by selecting the &quot;local pickup&quot; shipping option).<\/p>\n<p>Poems by Hellaakoski, Korkkinen, Leino, Mustap\u00e4\u00e4, Pohjanp\u00e4\u00e4, Saarikoski, Satomaa, Tabermann<\/p>\n","protected":false},"excerpt":{"rendered":"<p>Media Condition: Very Good Plus (VG+)<\/p>\n<p>Sleeve Condition: Very Good Plus (VG+)<\/p>\n<p>Label: Bluebird (2)<\/p>\n<p>Released: 1983<\/p>\n","protected":false},"featured_media":3159263,"template":"","meta":{"_acf_changed":false},"product_brand":[],"product_cat":[16],"product_tag":[],"class_list":{"0":"post-21927","1":"product","2":"type-product","3":"status-publish","4":"has-post-thumbnail","6":"product_cat-jazz","8":"first","9":"instock","10":"taxable","11":"shipping-taxable","12":"purchasable","13":"product-type-simple"},"acf":[],"mb":[],"mfb_rest_fields":["title"],"_links":{"self":[{"href":"https:\/\/digelius.com\/fi\/wp-json\/wp\/v2\/product\/21927","targetHints":{"allow":["GET"]}}],"collection":[{"href":"https:\/\/digelius.com\/fi\/wp-json\/wp\/v2\/product"}],"about":[{"href":"https:\/\/digelius.com\/fi\/wp-json\/wp\/v2\/types\/product"}],"wp:featuredmedia":[{"embeddable":true,"href":"https:\/\/digelius.com\/fi\/wp-json\/wp\/v2\/media\/3159263"}],"wp:attachment":[{"href":"https:\/\/digelius.com\/fi\/wp-json\/wp\/v2\/media?parent=21927"}],"wp:term":[{"taxonomy":"product_brand","embeddable":true,"href":"https:\/\/digelius.com\/fi\/wp-json\/wp\/v2\/product_brand?post=21927"},{"taxonomy":"product_cat","embeddable":true,"href":"https:\/\/digelius.com\/fi\/wp-json\/wp\/v2\/product_cat?post=21927"},{"taxonomy":"product_tag","embeddable":true,"href":"https:\/\/digelius.com\/fi\/wp-json\/wp\/v2\/product_tag?post=21927"}],"curies":[{"name":"wp","href":"https:\/\/api.w.org\/{rel}","templated":true}]}}