{"id":2197508,"date":"2025-03-31T19:26:53","date_gmt":"2025-03-31T16:26:53","guid":{"rendered":"https:\/\/digelius.com\/product\/bacso-kristof-triad-lionel-loueke-pannon-blue\/"},"modified":"2026-01-26T10:30:59","modified_gmt":"2026-01-26T08:30:59","slug":"bacso-kristof-triad-lionel-loueke-pannon-blue","status":"publish","type":"product","link":"https:\/\/digelius.com\/fi\/product\/bacso-kristof-triad-lionel-loueke-pannon-blue\/","title":{"rendered":"Bacs\u00f3 Krist\u00f3f Triad, Lionel Loueke: Pannon Blue"},"content":{"rendered":"<p>Still in shrink<\/p>\n<p>El\u0151ad\u00f3k<br \/>\nBacs\u00f3 Krist\u00f3f \u2013 szaxofon, effektek<br \/>\nTzumo \u00c1rp\u00e1d \u2013 billenty\u0171s hangszerek, Fender Rhodes, zongora<br \/>\nJuh\u00e1sz M\u00e1rton \u2013 dob<\/p>\n<p>Lionel Loueke \u2013 git\u00e1r, \u00e9nek(1-5, 7-9)<br \/>\nProdukci\u00f3s adatok:<br \/>\nSzerzem\u00e9nyek: Bacs\u00f3 Krist\u00f3f, kiv\u00e9ve track 6 (Tzumo \u00c1rp\u00e1d), track 1 \u00e9s 8 (Bacs\u00f3 Krist\u00f3f TRIAD) &amp; Lionel Loueke<br \/>\nA felv\u00e9tel 2015. december 5-6-\u00e1n k\u00e9sz\u00fclt a BMC-ben, az Opus Jazz Clubban<br \/>\nFelv\u00e9tel \u00e9s kever\u00e9s: D\u00e9v\u00e9nyi Tam\u00e1s<br \/>\nMaster: Szab\u00f3 Viktor<br \/>\nBor\u00edt\u00f3: Husz\u00e1r L\u00e1szl\u00f3 \/ Greenroom<\/p>\n<p>Producer: G\u0151z L\u00e1szl\u00f3<br \/>\nLabel manager: Bogn\u00e1r Tam\u00e1s<\/p>\n","protected":false},"excerpt":{"rendered":"<p>Media Condition: Mint (M)<\/p>\n<p>Sleeve Condition: Mint (M)<\/p>\n<p>Label: Budapest Music Center Records<\/p>\n<p>Released: 2016<\/p>\n","protected":false},"featured_media":3149768,"template":"","meta":{"_acf_changed":false},"product_brand":[],"product_cat":[16,96],"product_tag":[],"class_list":{"0":"post-2197508","1":"product","2":"type-product","3":"status-publish","4":"has-post-thumbnail","6":"product_cat-jazz","7":"product_cat-jazz-fi","9":"first","10":"instock","11":"taxable","12":"shipping-taxable","13":"purchasable","14":"product-type-simple"},"acf":[],"mb":[],"mfb_rest_fields":["title"],"_links":{"self":[{"href":"https:\/\/digelius.com\/fi\/wp-json\/wp\/v2\/product\/2197508","targetHints":{"allow":["GET"]}}],"collection":[{"href":"https:\/\/digelius.com\/fi\/wp-json\/wp\/v2\/product"}],"about":[{"href":"https:\/\/digelius.com\/fi\/wp-json\/wp\/v2\/types\/product"}],"wp:featuredmedia":[{"embeddable":true,"href":"https:\/\/digelius.com\/fi\/wp-json\/wp\/v2\/media\/3149768"}],"wp:attachment":[{"href":"https:\/\/digelius.com\/fi\/wp-json\/wp\/v2\/media?parent=2197508"}],"wp:term":[{"taxonomy":"product_brand","embeddable":true,"href":"https:\/\/digelius.com\/fi\/wp-json\/wp\/v2\/product_brand?post=2197508"},{"taxonomy":"product_cat","embeddable":true,"href":"https:\/\/digelius.com\/fi\/wp-json\/wp\/v2\/product_cat?post=2197508"},{"taxonomy":"product_tag","embeddable":true,"href":"https:\/\/digelius.com\/fi\/wp-json\/wp\/v2\/product_tag?post=2197508"}],"curies":[{"name":"wp","href":"https:\/\/api.w.org\/{rel}","templated":true}]}}