{"id":2197552,"date":"2025-03-31T19:36:37","date_gmt":"2025-03-31T16:36:37","guid":{"rendered":"https:\/\/digelius.com\/product\/heikki-sarmanto-open-skies\/"},"modified":"2025-11-25T22:40:24","modified_gmt":"2025-11-25T20:40:24","slug":"heikki-sarmanto-open-skies","status":"publish","type":"product","link":"https:\/\/digelius.com\/fi\/product\/heikki-sarmanto-open-skies\/","title":{"rendered":"Heikki Sarmanto: Open Skies"},"content":{"rendered":"<p>Still in shrink<\/p>\n<p>Live recorded (unedited) piano improvisations in FInland, October 2011 &#8211; May 20112. Mastered by Jorma H\u00e4m\u00e4l\u00e4inen at Studio Pop, Helsinki 2016. Photos and cover design by Olga Poppius. &#8221;This album is dedicated to Clifford Brown and Sonny Rollins, whose music has left an indelible mark on my soul.&#8221; &#8211; Heikki Sarmanto.<\/p>\n","protected":false},"excerpt":{"rendered":"<p>Media Condition: Mint (M)<\/p>\n<p>Sleeve Condition: Mint (M)<\/p>\n<p>Label: Svart Records<\/p>\n<p>Released: 2017<\/p>\n","protected":false},"featured_media":3106143,"template":"","meta":{"_acf_changed":false},"product_brand":[],"product_cat":[16],"product_tag":[],"class_list":{"0":"post-2197552","1":"product","2":"type-product","3":"status-publish","4":"has-post-thumbnail","6":"product_cat-jazz","8":"first","9":"instock","10":"taxable","11":"shipping-taxable","12":"purchasable","13":"product-type-simple"},"acf":[],"mb":[],"mfb_rest_fields":["title"],"_links":{"self":[{"href":"https:\/\/digelius.com\/fi\/wp-json\/wp\/v2\/product\/2197552","targetHints":{"allow":["GET"]}}],"collection":[{"href":"https:\/\/digelius.com\/fi\/wp-json\/wp\/v2\/product"}],"about":[{"href":"https:\/\/digelius.com\/fi\/wp-json\/wp\/v2\/types\/product"}],"wp:featuredmedia":[{"embeddable":true,"href":"https:\/\/digelius.com\/fi\/wp-json\/wp\/v2\/media\/3106143"}],"wp:attachment":[{"href":"https:\/\/digelius.com\/fi\/wp-json\/wp\/v2\/media?parent=2197552"}],"wp:term":[{"taxonomy":"product_brand","embeddable":true,"href":"https:\/\/digelius.com\/fi\/wp-json\/wp\/v2\/product_brand?post=2197552"},{"taxonomy":"product_cat","embeddable":true,"href":"https:\/\/digelius.com\/fi\/wp-json\/wp\/v2\/product_cat?post=2197552"},{"taxonomy":"product_tag","embeddable":true,"href":"https:\/\/digelius.com\/fi\/wp-json\/wp\/v2\/product_tag?post=2197552"}],"curies":[{"name":"wp","href":"https:\/\/api.w.org\/{rel}","templated":true}]}}