{"id":2210219,"date":"2025-04-02T13:26:58","date_gmt":"2025-04-02T10:26:58","guid":{"rendered":"https:\/\/digelius.com\/product\/mikko-pettinen-happy-people-nothing-can-stop-my-spirit\/"},"modified":"2026-01-25T20:02:37","modified_gmt":"2026-01-25T18:02:37","slug":"mikko-pettinen-happy-people-nothing-can-stop-my-spirit","status":"publish","type":"product","link":"https:\/\/digelius.com\/fi\/product\/mikko-pettinen-happy-people-nothing-can-stop-my-spirit\/","title":{"rendered":"Mikko Pettinen &amp; Happy People: Nothing Can Stop My Spirit"},"content":{"rendered":"<\/p>\n<p>Special thanks:<br \/>\n* This album was funded mostly by the mesenaatti.me -crowdfunding campaign. A big THANK YOU to all the funders, especially Maiju Ahlholm, Lauri Aho, Esa Ahonen,  Rauno Berg, Katja Erkoma, Elina Etel\u00e4aho, Erika Hallamaa, Airi Helin, Anneli Helin-Pettinen, Olli Jaakkola, Sami Kaivosoja, Mikko Kangas, Jouko Kantola, Ky\u00f6sti Kemppi, Miika K\u00e4nn\u00e4l\u00e4, Aki Laapio, Elisa Malmi, Pentti Martiskainen, Kari-Pekka Nyyss\u00f6nen, Tapio Piili, Kirsi Rouhiainen, Ville Savolainen, Petri Takala, E. Tanhua, Tero Tilus, Karla-Maria &amp; Panu Toiviainen, Heikki Topi, Riitta &amp; Raimo Tuomala and Rainer Wahlsten.<\/p>\n<p>* Thank you all the musicians, who played on the album or who have played on our gigs: Janne Halonen, Sampo Tiittanen, Jonatan Sarikoski, William Suvanne, Janne Toivonen, Ilmari Pohjola, Timo Rantanen, Jepa Lambert, Heini Ikonen, Hanna-Maria Helenius, Jonnu Heikkil\u00e4, Joakim Bergh\u00e4ll, Antti Rissanen, Linda Fredriksson, Teemu Mattsson, Toni Porth\u00e9n, Ossi Maristo, Onni Lonka, Mikko Kaakkuriniemi and Juha R\u00e4s\u00e4nen.<\/p>\n<p>* A big thank you to MES (Musiikinedist\u00e4miss\u00e4\u00e4ti\u00f6)<br \/>\n* Jonnu Heikkil\u00e4 for the wonderful lyrics! You have a gift and ability to read my mind<br \/>\n* Iina-Maria Aalto &amp; Pauliina Sepp\u00e4l\u00e4 at mesenaatti.me<br \/>\n* Markus Ketola for the great sound, vision and patience<br \/>\n* Heikki Kynsij\u00e4rvi and Joni Laitinen for the video production<br \/>\n* Ville Pajala for the lights<br \/>\n* Anja and Markku Muhonen for the catering<br \/>\n* The late great M1 studio for letting me use their Hammond A100 organ<br \/>\n* My loving wife Kirsi for your love, courage, support and patience<br \/>\n* Our lovely daughters Alina and Elsa for the inspiration<br \/>\n* My brother Mika for the third pair of ears<br \/>\n* God for the love, guidance and for answering my prayers<\/p>\n<p>This album is dedicated to the music giants Maurice White, David Bowie and Prince whose legacy will live on.<\/p>\n","protected":false},"excerpt":{"rendered":"<p>Media Condition: Near Mint (NM or M-)<\/p>\n<p>Sleeve Condition: Near Mint (NM or M-)<\/p>\n<p>Label: Groovy Records (10)<\/p>\n<p>Released: 2016<\/p>\n","protected":false},"featured_media":3149635,"template":"","meta":{"_acf_changed":false},"product_brand":[],"product_cat":[58],"product_tag":[],"class_list":{"0":"post-2210219","1":"product","2":"type-product","3":"status-publish","4":"has-post-thumbnail","6":"product_cat-funk-soul","8":"first","9":"instock","10":"taxable","11":"shipping-taxable","12":"purchasable","13":"product-type-simple"},"acf":[],"mb":[],"mfb_rest_fields":["title"],"_links":{"self":[{"href":"https:\/\/digelius.com\/fi\/wp-json\/wp\/v2\/product\/2210219","targetHints":{"allow":["GET"]}}],"collection":[{"href":"https:\/\/digelius.com\/fi\/wp-json\/wp\/v2\/product"}],"about":[{"href":"https:\/\/digelius.com\/fi\/wp-json\/wp\/v2\/types\/product"}],"wp:featuredmedia":[{"embeddable":true,"href":"https:\/\/digelius.com\/fi\/wp-json\/wp\/v2\/media\/3149635"}],"wp:attachment":[{"href":"https:\/\/digelius.com\/fi\/wp-json\/wp\/v2\/media?parent=2210219"}],"wp:term":[{"taxonomy":"product_brand","embeddable":true,"href":"https:\/\/digelius.com\/fi\/wp-json\/wp\/v2\/product_brand?post=2210219"},{"taxonomy":"product_cat","embeddable":true,"href":"https:\/\/digelius.com\/fi\/wp-json\/wp\/v2\/product_cat?post=2210219"},{"taxonomy":"product_tag","embeddable":true,"href":"https:\/\/digelius.com\/fi\/wp-json\/wp\/v2\/product_tag?post=2210219"}],"curies":[{"name":"wp","href":"https:\/\/api.w.org\/{rel}","templated":true}]}}