{"id":2210561,"date":"2025-04-02T14:26:50","date_gmt":"2025-04-02T11:26:50","guid":{"rendered":"https:\/\/digelius.com\/product\/tonbruket-forevergreens\/"},"modified":"2026-01-25T23:02:34","modified_gmt":"2026-01-25T21:02:34","slug":"tonbruket-forevergreens","status":"publish","type":"product","link":"https:\/\/digelius.com\/fi\/product\/tonbruket-forevergreens\/","title":{"rendered":"Tonbruket: Forevergreens"},"content":{"rendered":"<p>promo copy<\/p>\n<p>\u24b8 + \u24c5 2016 ACT Music + Vision GmbH + Co. KG<\/p>\n<p>Recorded by \u00c5ke Linton at Clouds Hill Recordings in Hamburg, August 25\u201329, 2015.<br \/>\nMixed by Janne Hansson &amp; Tonbruket at Atlantis Studios in Stockholm except:<br \/>\n&#8221;Linton&#8221; mixed by Andreas Werliin, &#8221;Music For The Sun King&#8221; and &#8221;Fr\u00f6s\u00f6n&#8221; mixed by Johan Lindstr\u00f6m &amp; Tonbruket at Hammarby Studio Stockholm.<br \/>\nMastered by Bj\u00f6rn Engelmann at Cuttingroom Studios, Stockholm.<\/p>\n<p>Issued in a digipak.<\/p>\n","protected":false},"excerpt":{"rendered":"<p>Media Condition: Near Mint (NM or M-)<\/p>\n<p>Sleeve Condition: Near Mint (NM or M-)<\/p>\n<p>Label: ACT (4)<\/p>\n<p>Released: 2016<\/p>\n","protected":false},"featured_media":3149578,"template":"","meta":{"_acf_changed":false},"product_brand":[],"product_cat":[31,16,27],"product_tag":[],"class_list":{"0":"post-2210561","1":"product","2":"type-product","3":"status-publish","4":"has-post-thumbnail","6":"product_cat-folk-world-country","7":"product_cat-jazz","8":"product_cat-rock","10":"first","11":"instock","12":"taxable","13":"shipping-taxable","14":"purchasable","15":"product-type-simple"},"acf":[],"mb":[],"mfb_rest_fields":["title"],"_links":{"self":[{"href":"https:\/\/digelius.com\/fi\/wp-json\/wp\/v2\/product\/2210561","targetHints":{"allow":["GET"]}}],"collection":[{"href":"https:\/\/digelius.com\/fi\/wp-json\/wp\/v2\/product"}],"about":[{"href":"https:\/\/digelius.com\/fi\/wp-json\/wp\/v2\/types\/product"}],"wp:featuredmedia":[{"embeddable":true,"href":"https:\/\/digelius.com\/fi\/wp-json\/wp\/v2\/media\/3149578"}],"wp:attachment":[{"href":"https:\/\/digelius.com\/fi\/wp-json\/wp\/v2\/media?parent=2210561"}],"wp:term":[{"taxonomy":"product_brand","embeddable":true,"href":"https:\/\/digelius.com\/fi\/wp-json\/wp\/v2\/product_brand?post=2210561"},{"taxonomy":"product_cat","embeddable":true,"href":"https:\/\/digelius.com\/fi\/wp-json\/wp\/v2\/product_cat?post=2210561"},{"taxonomy":"product_tag","embeddable":true,"href":"https:\/\/digelius.com\/fi\/wp-json\/wp\/v2\/product_tag?post=2210561"}],"curies":[{"name":"wp","href":"https:\/\/api.w.org\/{rel}","templated":true}]}}