{"id":2210571,"date":"2025-04-02T14:27:04","date_gmt":"2025-04-02T11:27:04","guid":{"rendered":"https:\/\/digelius.com\/product\/aki-rissanen-amorandom\/"},"modified":"2026-01-25T22:31:47","modified_gmt":"2026-01-25T20:31:47","slug":"aki-rissanen-amorandom","status":"publish","type":"product","link":"https:\/\/digelius.com\/fi\/product\/aki-rissanen-amorandom\/","title":{"rendered":"Aki Rissanen: Amorandom"},"content":{"rendered":"<\/p>\n<p>Recorded on June 29-30, 2015 at Kallio-Kuninkala Studios, J\u00e4rvenp\u00e4\u00e4, Finland.<br \/>\nMade in the EU. <\/p>\n","protected":false},"excerpt":{"rendered":"<p>Media Condition: Near Mint (NM or M-)<\/p>\n<p>Sleeve Condition: Near Mint (NM or M-)<\/p>\n<p>Label: Edition Records<\/p>\n<p>Released: 2016<\/p>\n","protected":false},"featured_media":3149574,"template":"","meta":{"_acf_changed":false},"product_brand":[],"product_cat":[16],"product_tag":[],"class_list":{"0":"post-2210571","1":"product","2":"type-product","3":"status-publish","4":"has-post-thumbnail","6":"product_cat-jazz","8":"first","9":"instock","10":"taxable","11":"shipping-taxable","12":"purchasable","13":"product-type-simple"},"acf":[],"mb":[],"mfb_rest_fields":["title"],"_links":{"self":[{"href":"https:\/\/digelius.com\/fi\/wp-json\/wp\/v2\/product\/2210571","targetHints":{"allow":["GET"]}}],"collection":[{"href":"https:\/\/digelius.com\/fi\/wp-json\/wp\/v2\/product"}],"about":[{"href":"https:\/\/digelius.com\/fi\/wp-json\/wp\/v2\/types\/product"}],"wp:featuredmedia":[{"embeddable":true,"href":"https:\/\/digelius.com\/fi\/wp-json\/wp\/v2\/media\/3149574"}],"wp:attachment":[{"href":"https:\/\/digelius.com\/fi\/wp-json\/wp\/v2\/media?parent=2210571"}],"wp:term":[{"taxonomy":"product_brand","embeddable":true,"href":"https:\/\/digelius.com\/fi\/wp-json\/wp\/v2\/product_brand?post=2210571"},{"taxonomy":"product_cat","embeddable":true,"href":"https:\/\/digelius.com\/fi\/wp-json\/wp\/v2\/product_cat?post=2210571"},{"taxonomy":"product_tag","embeddable":true,"href":"https:\/\/digelius.com\/fi\/wp-json\/wp\/v2\/product_tag?post=2210571"}],"curies":[{"name":"wp","href":"https:\/\/api.w.org\/{rel}","templated":true}]}}