{"id":2211082,"date":"2025-04-02T15:56:51","date_gmt":"2025-04-02T12:56:51","guid":{"rendered":"https:\/\/digelius.com\/product\/aulikki-oksanen-vuokko-hovatta-zarkus-poussa-kuinka-myrsky-rauhoittaa\/"},"modified":"2026-01-26T03:31:42","modified_gmt":"2026-01-26T01:31:42","slug":"aulikki-oksanen-vuokko-hovatta-zarkus-poussa-kuinka-myrsky-rauhoittaa","status":"publish","type":"product","link":"https:\/\/digelius.com\/fi\/product\/aulikki-oksanen-vuokko-hovatta-zarkus-poussa-kuinka-myrsky-rauhoittaa\/","title":{"rendered":"Aulikki Oksanen, Vuokko Hovatta, Zarkus Poussa: Kuinka Myrsky Rauhoittaa"},"content":{"rendered":"<\/p>\n<p>\u00c4\u00e4nitys: Kampin klitsu, H\u00e4miksen Seiska ja Studio H\u00e4mis<br \/>\nMiksaus: Studio H\u00e4mis<br \/>\nMasterointi: Mimix<\/p>\n<p>Kaikki tekstit Aulikki Oksasen kokoelmasta Helise, taivas! ( Siltala 2014 ) \u00a9<\/p>\n<p>Digipak<\/p>\n","protected":false},"excerpt":{"rendered":"<p>Media Condition: Very Good Plus (VG+)<\/p>\n<p>Sleeve Condition: Very Good Plus (VG+)<\/p>\n<p>Label: Siltala<\/p>\n<p>Released: 2015<\/p>\n","protected":false},"featured_media":3149479,"template":"","meta":{"_acf_changed":false},"product_brand":[],"product_cat":[31,28],"product_tag":[],"class_list":{"0":"post-2211082","1":"product","2":"type-product","3":"status-publish","4":"has-post-thumbnail","6":"product_cat-folk-world-country","7":"product_cat-pop","9":"first","10":"instock","11":"taxable","12":"shipping-taxable","13":"purchasable","14":"product-type-simple"},"acf":[],"mb":[],"mfb_rest_fields":["title"],"_links":{"self":[{"href":"https:\/\/digelius.com\/fi\/wp-json\/wp\/v2\/product\/2211082","targetHints":{"allow":["GET"]}}],"collection":[{"href":"https:\/\/digelius.com\/fi\/wp-json\/wp\/v2\/product"}],"about":[{"href":"https:\/\/digelius.com\/fi\/wp-json\/wp\/v2\/types\/product"}],"wp:featuredmedia":[{"embeddable":true,"href":"https:\/\/digelius.com\/fi\/wp-json\/wp\/v2\/media\/3149479"}],"wp:attachment":[{"href":"https:\/\/digelius.com\/fi\/wp-json\/wp\/v2\/media?parent=2211082"}],"wp:term":[{"taxonomy":"product_brand","embeddable":true,"href":"https:\/\/digelius.com\/fi\/wp-json\/wp\/v2\/product_brand?post=2211082"},{"taxonomy":"product_cat","embeddable":true,"href":"https:\/\/digelius.com\/fi\/wp-json\/wp\/v2\/product_cat?post=2211082"},{"taxonomy":"product_tag","embeddable":true,"href":"https:\/\/digelius.com\/fi\/wp-json\/wp\/v2\/product_tag?post=2211082"}],"curies":[{"name":"wp","href":"https:\/\/api.w.org\/{rel}","templated":true}]}}