{"id":2211190,"date":"2025-04-02T16:16:57","date_gmt":"2025-04-02T13:16:57","guid":{"rendered":"https:\/\/digelius.com\/product\/beny-more-la-musica-latina-grandes-mitos-del-siglo-xx-beny-more\/"},"modified":"2026-01-26T05:31:03","modified_gmt":"2026-01-26T03:31:03","slug":"beny-more-la-musica-latina-grandes-mitos-del-siglo-xx-beny-more","status":"publish","type":"product","link":"https:\/\/digelius.com\/fi\/product\/beny-more-la-musica-latina-grandes-mitos-del-siglo-xx-beny-more\/","title":{"rendered":"Beny Mor\u00e9: La M\u00fasica Latina. Grandes Mitos Del Siglo XX &#8211; Beny Mor\u00e9"},"content":{"rendered":"<\/p>\n<p>Special Edition for the Spanish newspaper &#8221;El Pa\u00eds&#8221; incl. competition.<br \/>\nAdditional printing (&#8221;Sorteamos&#8221;) on rear inlay and voucher attached to booklet.<\/p>\n","protected":false},"excerpt":{"rendered":"<p>Media Condition: Near Mint (NM or M-)<\/p>\n<p>Sleeve Condition: Near Mint (NM or M-)<\/p>\n<p>Label: Manzana,El Pa\u00eds<\/p>\n<p>Released: 2000<\/p>\n","protected":false},"featured_media":3149473,"template":"","meta":{"_acf_changed":false},"product_brand":[],"product_cat":[135],"product_tag":[],"class_list":{"0":"post-2211190","1":"product","2":"type-product","3":"status-publish","4":"has-post-thumbnail","6":"product_cat-latin","8":"first","9":"instock","10":"taxable","11":"shipping-taxable","12":"purchasable","13":"product-type-simple"},"acf":[],"mb":[],"mfb_rest_fields":["title"],"_links":{"self":[{"href":"https:\/\/digelius.com\/fi\/wp-json\/wp\/v2\/product\/2211190","targetHints":{"allow":["GET"]}}],"collection":[{"href":"https:\/\/digelius.com\/fi\/wp-json\/wp\/v2\/product"}],"about":[{"href":"https:\/\/digelius.com\/fi\/wp-json\/wp\/v2\/types\/product"}],"wp:featuredmedia":[{"embeddable":true,"href":"https:\/\/digelius.com\/fi\/wp-json\/wp\/v2\/media\/3149473"}],"wp:attachment":[{"href":"https:\/\/digelius.com\/fi\/wp-json\/wp\/v2\/media?parent=2211190"}],"wp:term":[{"taxonomy":"product_brand","embeddable":true,"href":"https:\/\/digelius.com\/fi\/wp-json\/wp\/v2\/product_brand?post=2211190"},{"taxonomy":"product_cat","embeddable":true,"href":"https:\/\/digelius.com\/fi\/wp-json\/wp\/v2\/product_cat?post=2211190"},{"taxonomy":"product_tag","embeddable":true,"href":"https:\/\/digelius.com\/fi\/wp-json\/wp\/v2\/product_tag?post=2211190"}],"curies":[{"name":"wp","href":"https:\/\/api.w.org\/{rel}","templated":true}]}}