{"id":2292867,"date":"2025-04-14T18:57:06","date_gmt":"2025-04-14T15:57:06","guid":{"rendered":"https:\/\/digelius.com\/product\/iva-bittova-iva-bittova\/"},"modified":"2026-01-25T06:02:10","modified_gmt":"2026-01-25T04:02:10","slug":"iva-bittova-iva-bittova","status":"publish","type":"product","link":"https:\/\/digelius.com\/fi\/product\/iva-bittova-iva-bittova\/","title":{"rendered":"Iva Bittov\u00e1: Iva Bittov\u00e1"},"content":{"rendered":"<p>promo copy<\/p>\n<p>Recorded February 2012<br \/>\nAuditorio Radiotelevisione svizzera, Lugano<\/p>\n<p>An ECM Production<\/p>\n<p>&#8221;Thanks to Professor Rudolf \u0160\u0165astn\u00fd, Lidmila Bittov\u00e1, Manfred Eicher, Hana Kotkov\u00e1, Osvaldo Tritten and my sons Anton\u00edn and Matou\u0161&#8221;<\/p>\n<p>In collaboration with RSI Rete Due, Lugano<br \/>\nThanks to Paolo Keller<\/p>\n<p>\u2117 2013 ECM Records GmbH<br \/>\n\u00a9 2013 ECM Records GmbH<\/p>\n<p>Printed in Germany<\/p>\n","protected":false},"excerpt":{"rendered":"<p>Media Condition: Near Mint (NM or M-)<\/p>\n<p>Sleeve Condition: Near Mint (NM or M-)<\/p>\n<p>Label: ECM Records,ECM Records<\/p>\n<p>Released: 2013<\/p>\n","protected":false},"featured_media":3149343,"template":"","meta":{"_acf_changed":false},"product_brand":[],"product_cat":[23,31],"product_tag":[],"class_list":{"0":"post-2292867","1":"product","2":"type-product","3":"status-publish","4":"has-post-thumbnail","6":"product_cat-classical","7":"product_cat-folk-world-country","9":"first","10":"instock","11":"taxable","12":"shipping-taxable","13":"purchasable","14":"product-type-simple"},"acf":[],"mb":[],"mfb_rest_fields":["title"],"_links":{"self":[{"href":"https:\/\/digelius.com\/fi\/wp-json\/wp\/v2\/product\/2292867","targetHints":{"allow":["GET"]}}],"collection":[{"href":"https:\/\/digelius.com\/fi\/wp-json\/wp\/v2\/product"}],"about":[{"href":"https:\/\/digelius.com\/fi\/wp-json\/wp\/v2\/types\/product"}],"wp:featuredmedia":[{"embeddable":true,"href":"https:\/\/digelius.com\/fi\/wp-json\/wp\/v2\/media\/3149343"}],"wp:attachment":[{"href":"https:\/\/digelius.com\/fi\/wp-json\/wp\/v2\/media?parent=2292867"}],"wp:term":[{"taxonomy":"product_brand","embeddable":true,"href":"https:\/\/digelius.com\/fi\/wp-json\/wp\/v2\/product_brand?post=2292867"},{"taxonomy":"product_cat","embeddable":true,"href":"https:\/\/digelius.com\/fi\/wp-json\/wp\/v2\/product_cat?post=2292867"},{"taxonomy":"product_tag","embeddable":true,"href":"https:\/\/digelius.com\/fi\/wp-json\/wp\/v2\/product_tag?post=2292867"}],"curies":[{"name":"wp","href":"https:\/\/api.w.org\/{rel}","templated":true}]}}