{"id":2300171,"date":"2025-04-15T18:56:38","date_gmt":"2025-04-15T15:56:38","guid":{"rendered":"https:\/\/digelius.com\/product\/denis-colin-trio-fluide\/"},"modified":"2026-01-25T12:01:09","modified_gmt":"2026-01-25T10:01:09","slug":"denis-colin-trio-fluide","status":"publish","type":"product","link":"https:\/\/digelius.com\/fi\/product\/denis-colin-trio-fluide\/","title":{"rendered":"Denis Colin Trio: Fluide"},"content":{"rendered":"<\/p>\n<p>Recorded 6-9 September 1997, at Le Parvis, Sc\u00e8ne Nationale, Tarbes-Pyr\u00e9n\u00e9es, Ibos, France<br \/>\nNo effects have been added.<\/p>\n","protected":false},"excerpt":{"rendered":"<p>Media Condition: Near Mint (NM or M-)<\/p>\n<p>Sleeve Condition: Near Mint (NM or M-)<\/p>\n<p>Label: In Situ<\/p>\n<p>Released: 1998<\/p>\n","protected":false},"featured_media":3149229,"template":"","meta":{"_acf_changed":false},"product_brand":[],"product_cat":[16],"product_tag":[],"class_list":{"0":"post-2300171","1":"product","2":"type-product","3":"status-publish","4":"has-post-thumbnail","6":"product_cat-jazz","8":"first","9":"instock","10":"taxable","11":"shipping-taxable","12":"purchasable","13":"product-type-simple"},"acf":[],"mb":[],"mfb_rest_fields":["title"],"_links":{"self":[{"href":"https:\/\/digelius.com\/fi\/wp-json\/wp\/v2\/product\/2300171","targetHints":{"allow":["GET"]}}],"collection":[{"href":"https:\/\/digelius.com\/fi\/wp-json\/wp\/v2\/product"}],"about":[{"href":"https:\/\/digelius.com\/fi\/wp-json\/wp\/v2\/types\/product"}],"wp:featuredmedia":[{"embeddable":true,"href":"https:\/\/digelius.com\/fi\/wp-json\/wp\/v2\/media\/3149229"}],"wp:attachment":[{"href":"https:\/\/digelius.com\/fi\/wp-json\/wp\/v2\/media?parent=2300171"}],"wp:term":[{"taxonomy":"product_brand","embeddable":true,"href":"https:\/\/digelius.com\/fi\/wp-json\/wp\/v2\/product_brand?post=2300171"},{"taxonomy":"product_cat","embeddable":true,"href":"https:\/\/digelius.com\/fi\/wp-json\/wp\/v2\/product_cat?post=2300171"},{"taxonomy":"product_tag","embeddable":true,"href":"https:\/\/digelius.com\/fi\/wp-json\/wp\/v2\/product_tag?post=2300171"}],"curies":[{"name":"wp","href":"https:\/\/api.w.org\/{rel}","templated":true}]}}