{"id":23258,"date":"2023-12-28T21:53:39","date_gmt":"2023-12-28T19:53:39","guid":{"rendered":"https:\/\/digelius.qb.web-veistamo.fi\/product\/pauli-rasanen-naa-niita-lauluja-on\/"},"modified":"2026-01-22T12:55:30","modified_gmt":"2026-01-22T10:55:30","slug":"pauli-rasanen-naa-niita-lauluja-on","status":"publish","type":"product","link":"https:\/\/digelius.com\/fi\/product\/pauli-rasanen-naa-niita-lauluja-on\/","title":{"rendered":"Pauli R\u00e4s\u00e4nen: N\u00e4\u00e4 Niit\u00e4 Lauluja On"},"content":{"rendered":"<p>Record does not really have any marks, but is a bit hazy. Sleeve has just some minor wear. Pickup possible at our Helsinki store (please indicate in details).<\/p>\n<p> &#8211; 30- Ja 40-lukujen Tutuimpia Lauluja TV2:n Ohjelmasarjasta<\/p>\n","protected":false},"excerpt":{"rendered":"<p>Media Condition: Very Good Plus (VG+)<\/p>\n<p>Sleeve Condition: Very Good Plus (VG+)<\/p>\n<p>Label: Scandia<\/p>\n<p>Released: 1969<\/p>\n","protected":false},"featured_media":3146104,"template":"","meta":{"_acf_changed":false},"product_brand":[],"product_cat":[31,135,28],"product_tag":[],"class_list":{"0":"post-23258","1":"product","2":"type-product","3":"status-publish","4":"has-post-thumbnail","6":"product_cat-folk-world-country","7":"product_cat-latin","8":"product_cat-pop","10":"first","11":"instock","12":"taxable","13":"shipping-taxable","14":"purchasable","15":"product-type-simple"},"acf":[],"mb":[],"mfb_rest_fields":["title"],"_links":{"self":[{"href":"https:\/\/digelius.com\/fi\/wp-json\/wp\/v2\/product\/23258","targetHints":{"allow":["GET"]}}],"collection":[{"href":"https:\/\/digelius.com\/fi\/wp-json\/wp\/v2\/product"}],"about":[{"href":"https:\/\/digelius.com\/fi\/wp-json\/wp\/v2\/types\/product"}],"wp:featuredmedia":[{"embeddable":true,"href":"https:\/\/digelius.com\/fi\/wp-json\/wp\/v2\/media\/3146104"}],"wp:attachment":[{"href":"https:\/\/digelius.com\/fi\/wp-json\/wp\/v2\/media?parent=23258"}],"wp:term":[{"taxonomy":"product_brand","embeddable":true,"href":"https:\/\/digelius.com\/fi\/wp-json\/wp\/v2\/product_brand?post=23258"},{"taxonomy":"product_cat","embeddable":true,"href":"https:\/\/digelius.com\/fi\/wp-json\/wp\/v2\/product_cat?post=23258"},{"taxonomy":"product_tag","embeddable":true,"href":"https:\/\/digelius.com\/fi\/wp-json\/wp\/v2\/product_tag?post=23258"}],"curies":[{"name":"wp","href":"https:\/\/api.w.org\/{rel}","templated":true}]}}