{"id":235090,"date":"2024-03-05T11:12:20","date_gmt":"2024-03-05T09:12:20","guid":{"rendered":"https:\/\/digelius.com\/product\/jarmo-sermila-einar-englund-radion-sinfoniaorkesteri-jukka-pekka-saraste-labor-fennica\/"},"modified":"2026-02-02T09:31:19","modified_gmt":"2026-02-02T07:31:19","slug":"jarmo-sermila-einar-englund-radion-sinfoniaorkesteri-jukka-pekka-saraste-labor-fennica","status":"publish","type":"product","link":"https:\/\/digelius.com\/fi\/product\/jarmo-sermila-einar-englund-radion-sinfoniaorkesteri-jukka-pekka-saraste-labor-fennica\/","title":{"rendered":"Jarmo Sermil\u00e4 \/ Einar Englund &#8211; Radion Sinfoniaorkesteri, Jukka-Pekka Saraste: Labor \/ Fennica"},"content":{"rendered":"<p>Pickup possible at Digelius Music in Helsinki (by selecting the &quot;local pickup&quot; shipping option).<\/p>\n<p>Inner sleeve or cover with a sticker:<br \/>\nT\u00e4ll\u00e4 levyll\u00e4 LABOR on B-puolella ja FENNICA A-puolella.<br \/>\nOn This Record LABOR Is On Side B And FENNICA On Side A.<\/p>\n","protected":false},"excerpt":{"rendered":"<p>Media Condition: Near Mint (NM or M-)<\/p>\n<p>Sleeve Condition: Very Good Plus (VG+)<\/p>\n<p>Label: Uranus (6)<\/p>\n<p>Released: 1986<\/p>\n","protected":false},"featured_media":3152679,"template":"","meta":{"_acf_changed":false},"product_brand":[],"product_cat":[23],"product_tag":[],"class_list":{"0":"post-235090","1":"product","2":"type-product","3":"status-publish","4":"has-post-thumbnail","6":"product_cat-classical","8":"first","9":"instock","10":"taxable","11":"shipping-taxable","12":"purchasable","13":"product-type-simple"},"acf":[],"mb":[],"mfb_rest_fields":["title"],"_links":{"self":[{"href":"https:\/\/digelius.com\/fi\/wp-json\/wp\/v2\/product\/235090","targetHints":{"allow":["GET"]}}],"collection":[{"href":"https:\/\/digelius.com\/fi\/wp-json\/wp\/v2\/product"}],"about":[{"href":"https:\/\/digelius.com\/fi\/wp-json\/wp\/v2\/types\/product"}],"wp:featuredmedia":[{"embeddable":true,"href":"https:\/\/digelius.com\/fi\/wp-json\/wp\/v2\/media\/3152679"}],"wp:attachment":[{"href":"https:\/\/digelius.com\/fi\/wp-json\/wp\/v2\/media?parent=235090"}],"wp:term":[{"taxonomy":"product_brand","embeddable":true,"href":"https:\/\/digelius.com\/fi\/wp-json\/wp\/v2\/product_brand?post=235090"},{"taxonomy":"product_cat","embeddable":true,"href":"https:\/\/digelius.com\/fi\/wp-json\/wp\/v2\/product_cat?post=235090"},{"taxonomy":"product_tag","embeddable":true,"href":"https:\/\/digelius.com\/fi\/wp-json\/wp\/v2\/product_tag?post=235090"}],"curies":[{"name":"wp","href":"https:\/\/api.w.org\/{rel}","templated":true}]}}