{"id":23652,"date":"2023-12-29T02:02:56","date_gmt":"2023-12-29T00:02:56","guid":{"rendered":"https:\/\/digelius.qb.web-veistamo.fi\/product\/rasmus-hedlund-tuomo-vaananen-80-endless-loops\/"},"modified":"2026-02-14T04:01:36","modified_gmt":"2026-02-14T02:01:36","slug":"rasmus-hedlund-tuomo-vaananen-80-endless-loops","status":"publish","type":"product","link":"https:\/\/digelius.com\/fi\/product\/rasmus-hedlund-tuomo-vaananen-80-endless-loops\/","title":{"rendered":"Rasmus Hedlund &amp; Tuomo V\u00e4\u00e4n\u00e4nen: 80 Endless Loops"},"content":{"rendered":"<p>New copy. Pickup possible in Helsinki (please indicate in details).<\/p>\n<p>Cut by CGB @ Dubplates &amp; Mastering<\/p>\n","protected":false},"excerpt":{"rendered":"<p>Media Condition: Mint (M)<\/p>\n<p>Sleeve Condition: Mint (M)<\/p>\n<p>Label: Ljudverket<\/p>\n<p>Released: 2011<\/p>\n","protected":false},"featured_media":3145620,"template":"","meta":{"_acf_changed":false},"product_brand":[],"product_cat":[22],"product_tag":[],"class_list":{"0":"post-23652","1":"product","2":"type-product","3":"status-publish","4":"has-post-thumbnail","6":"product_cat-electronic","8":"first","9":"instock","10":"taxable","11":"shipping-taxable","12":"purchasable","13":"product-type-simple"},"acf":[],"mb":[],"mfb_rest_fields":["title"],"_links":{"self":[{"href":"https:\/\/digelius.com\/fi\/wp-json\/wp\/v2\/product\/23652","targetHints":{"allow":["GET"]}}],"collection":[{"href":"https:\/\/digelius.com\/fi\/wp-json\/wp\/v2\/product"}],"about":[{"href":"https:\/\/digelius.com\/fi\/wp-json\/wp\/v2\/types\/product"}],"wp:featuredmedia":[{"embeddable":true,"href":"https:\/\/digelius.com\/fi\/wp-json\/wp\/v2\/media\/3145620"}],"wp:attachment":[{"href":"https:\/\/digelius.com\/fi\/wp-json\/wp\/v2\/media?parent=23652"}],"wp:term":[{"taxonomy":"product_brand","embeddable":true,"href":"https:\/\/digelius.com\/fi\/wp-json\/wp\/v2\/product_brand?post=23652"},{"taxonomy":"product_cat","embeddable":true,"href":"https:\/\/digelius.com\/fi\/wp-json\/wp\/v2\/product_cat?post=23652"},{"taxonomy":"product_tag","embeddable":true,"href":"https:\/\/digelius.com\/fi\/wp-json\/wp\/v2\/product_tag?post=23652"}],"curies":[{"name":"wp","href":"https:\/\/api.w.org\/{rel}","templated":true}]}}