{"id":2394023,"date":"2025-04-28T21:22:04","date_gmt":"2025-04-28T18:22:04","guid":{"rendered":"https:\/\/digelius.com\/product\/dave-pell-octet-campus-hop-jazz-goes-dancing-to-famous-songs-by-harry-warren\/"},"modified":"2026-01-24T18:30:55","modified_gmt":"2026-01-24T16:30:55","slug":"dave-pell-octet-campus-hop-jazz-goes-dancing-to-famous-songs-by-harry-warren","status":"publish","type":"product","link":"https:\/\/digelius.com\/fi\/product\/dave-pell-octet-campus-hop-jazz-goes-dancing-to-famous-songs-by-harry-warren\/","title":{"rendered":"Dave Pell Octet: Campus Hop (Jazz Goes Dancing To Famous Songs By Harry Warren)"},"content":{"rendered":"<\/p>\n<p>Track 2 from &#8221;The Laugh Parade&#8221; (Broadway Musical Revue, 1931)<br \/>\nTrack 3 from &#8221;42nd Second Street&#8221; (Film, 1932)<br \/>\nTrack 5 from &#8221;Sun Valley Serenade&#8221; (Film, 1941)<br \/>\nTrack 6 from &#8221;Gold Diggers of 1933&#8221; (Film, 1933)<br \/>\nTracks 7 and 8 from &#8221;Sweet and Low&#8221;  (Broadway Musical Revue, 1930)<br \/>\nTrack 9 from &#8221;Broadway Gondolier&#8221; (Film, 1935)<br \/>\nTrack 10 from &#8221;Twenty Million Sweethearts&#8221; (1934, Film)<br \/>\nTrack 11 from &#8221;Mr. Dodd Takes The Air&#8221; (1937, Film)<br \/>\nTrack 12 from &#8221;Sing Me a Love Song&#8221; (1936, Film)<\/p>\n<p>Recorded in Hollywood, November 12, 14 and 25, 1957<br \/>\n&#8221;Editado y distribuido por BMG Music Spain, S.A., Avda. de los Madro\u00f1os, 27, 28043 Madrid. Una Compa\u00f1\u00eda BMG Entertainment.&#8221;<\/p>\n","protected":false},"excerpt":{"rendered":"<p>Media Condition: Near Mint (NM or M-)<\/p>\n<p>Sleeve Condition: Very Good Plus (VG+)<\/p>\n<p>Label: RCA,BMG Music Spain, S.A.<\/p>\n<p>Released: 1998<\/p>\n","protected":false},"featured_media":3149023,"template":"","meta":{"_acf_changed":false},"product_brand":[],"product_cat":[16,142],"product_tag":[],"class_list":{"0":"post-2394023","1":"product","2":"type-product","3":"status-publish","4":"has-post-thumbnail","6":"product_cat-jazz","7":"product_cat-stage-screen","9":"first","10":"instock","11":"taxable","12":"shipping-taxable","13":"purchasable","14":"product-type-simple"},"acf":[],"mb":[],"mfb_rest_fields":["title"],"_links":{"self":[{"href":"https:\/\/digelius.com\/fi\/wp-json\/wp\/v2\/product\/2394023","targetHints":{"allow":["GET"]}}],"collection":[{"href":"https:\/\/digelius.com\/fi\/wp-json\/wp\/v2\/product"}],"about":[{"href":"https:\/\/digelius.com\/fi\/wp-json\/wp\/v2\/types\/product"}],"wp:featuredmedia":[{"embeddable":true,"href":"https:\/\/digelius.com\/fi\/wp-json\/wp\/v2\/media\/3149023"}],"wp:attachment":[{"href":"https:\/\/digelius.com\/fi\/wp-json\/wp\/v2\/media?parent=2394023"}],"wp:term":[{"taxonomy":"product_brand","embeddable":true,"href":"https:\/\/digelius.com\/fi\/wp-json\/wp\/v2\/product_brand?post=2394023"},{"taxonomy":"product_cat","embeddable":true,"href":"https:\/\/digelius.com\/fi\/wp-json\/wp\/v2\/product_cat?post=2394023"},{"taxonomy":"product_tag","embeddable":true,"href":"https:\/\/digelius.com\/fi\/wp-json\/wp\/v2\/product_tag?post=2394023"}],"curies":[{"name":"wp","href":"https:\/\/api.w.org\/{rel}","templated":true}]}}