{"id":2394232,"date":"2025-04-28T21:57:25","date_gmt":"2025-04-28T18:57:25","guid":{"rendered":"https:\/\/digelius.com\/product\/kovacs-andor-featuring-deseo-csaba-hot-club-budapest-nuages-felhok\/"},"modified":"2026-01-24T17:02:14","modified_gmt":"2026-01-24T15:02:14","slug":"kovacs-andor-featuring-deseo-csaba-hot-club-budapest-nuages-felhok","status":"publish","type":"product","link":"https:\/\/digelius.com\/fi\/product\/kovacs-andor-featuring-deseo-csaba-hot-club-budapest-nuages-felhok\/","title":{"rendered":"Kov\u00e1cs Andor* Featuring Dese\u0151 Csaba*, Hot Club Budapest: Nuages = Felh\u0151k"},"content":{"rendered":"<\/p>\n<p>Side B6: (a \u201eCsak egy a kisl\u00e1ny\u201d c. dal t\u00e9m\u00e1j\u00e1ra)<br \/>\n(using the theme of the song &#8221;There Is Only One Girl&#8221;)<\/p>\n<p>Total running time on Side A: 21:22<br \/>\nTotal running time on Side B: 22:09<\/p>\n<p>KR\u00c9M felv\u00e9tel &#8211; KR\u00c9M recording<br \/>\nF\u0150NIX STUDIO 1985<br \/>\nMade in Hungary \u2117 1985 KR\u00c9M\u200b<\/p>\n<p>Issued in laminated cover with an 12&#8243; x 12&#8243; insert with credits.<\/p>\n","protected":false},"excerpt":{"rendered":"<p>Media Condition: Near Mint (NM or M-)<\/p>\n<p>Sleeve Condition: Very Good Plus (VG+)<\/p>\n<p>Label: Kr\u00e9m<\/p>\n<p>Released: 1985<\/p>\n","protected":false},"featured_media":3149003,"template":"","meta":{"_acf_changed":false},"product_brand":[],"product_cat":[16],"product_tag":[],"class_list":{"0":"post-2394232","1":"product","2":"type-product","3":"status-publish","4":"has-post-thumbnail","6":"product_cat-jazz","8":"first","9":"instock","10":"taxable","11":"shipping-taxable","12":"purchasable","13":"product-type-simple"},"acf":[],"mb":[],"mfb_rest_fields":["title"],"_links":{"self":[{"href":"https:\/\/digelius.com\/fi\/wp-json\/wp\/v2\/product\/2394232","targetHints":{"allow":["GET"]}}],"collection":[{"href":"https:\/\/digelius.com\/fi\/wp-json\/wp\/v2\/product"}],"about":[{"href":"https:\/\/digelius.com\/fi\/wp-json\/wp\/v2\/types\/product"}],"wp:featuredmedia":[{"embeddable":true,"href":"https:\/\/digelius.com\/fi\/wp-json\/wp\/v2\/media\/3149003"}],"wp:attachment":[{"href":"https:\/\/digelius.com\/fi\/wp-json\/wp\/v2\/media?parent=2394232"}],"wp:term":[{"taxonomy":"product_brand","embeddable":true,"href":"https:\/\/digelius.com\/fi\/wp-json\/wp\/v2\/product_brand?post=2394232"},{"taxonomy":"product_cat","embeddable":true,"href":"https:\/\/digelius.com\/fi\/wp-json\/wp\/v2\/product_cat?post=2394232"},{"taxonomy":"product_tag","embeddable":true,"href":"https:\/\/digelius.com\/fi\/wp-json\/wp\/v2\/product_tag?post=2394232"}],"curies":[{"name":"wp","href":"https:\/\/api.w.org\/{rel}","templated":true}]}}