{"id":2399959,"date":"2025-04-29T17:01:53","date_gmt":"2025-04-29T14:01:53","guid":{"rendered":"https:\/\/digelius.com\/product\/jari-rattya-kaarmekeitto-muistan-kerran-baabelissa\/"},"modified":"2026-01-24T13:02:10","modified_gmt":"2026-01-24T11:02:10","slug":"jari-rattya-kaarmekeitto-muistan-kerran-baabelissa","status":"publish","type":"product","link":"https:\/\/digelius.com\/fi\/product\/jari-rattya-kaarmekeitto-muistan-kerran-baabelissa\/","title":{"rendered":"Jari R\u00e4tty\u00e4 &amp; K\u00e4\u00e4rmekeitto: Muistan Kerran Baabelissa"},"content":{"rendered":"<\/p>\n","protected":false},"excerpt":{"rendered":"<p>Media Condition: Near Mint (NM or M-)<\/p>\n<p>Sleeve Condition: Near Mint (NM or M-)<\/p>\n<p>Label: Puuma Records<\/p>\n<p>Released: 2015<\/p>\n","protected":false},"featured_media":3148972,"template":"","meta":{"_acf_changed":false},"product_brand":[],"product_cat":[31,27],"product_tag":[],"class_list":{"0":"post-2399959","1":"product","2":"type-product","3":"status-publish","4":"has-post-thumbnail","6":"product_cat-folk-world-country","7":"product_cat-rock","9":"first","10":"instock","11":"taxable","12":"shipping-taxable","13":"purchasable","14":"product-type-simple"},"acf":[],"mb":[],"mfb_rest_fields":["title"],"_links":{"self":[{"href":"https:\/\/digelius.com\/fi\/wp-json\/wp\/v2\/product\/2399959","targetHints":{"allow":["GET"]}}],"collection":[{"href":"https:\/\/digelius.com\/fi\/wp-json\/wp\/v2\/product"}],"about":[{"href":"https:\/\/digelius.com\/fi\/wp-json\/wp\/v2\/types\/product"}],"wp:featuredmedia":[{"embeddable":true,"href":"https:\/\/digelius.com\/fi\/wp-json\/wp\/v2\/media\/3148972"}],"wp:attachment":[{"href":"https:\/\/digelius.com\/fi\/wp-json\/wp\/v2\/media?parent=2399959"}],"wp:term":[{"taxonomy":"product_brand","embeddable":true,"href":"https:\/\/digelius.com\/fi\/wp-json\/wp\/v2\/product_brand?post=2399959"},{"taxonomy":"product_cat","embeddable":true,"href":"https:\/\/digelius.com\/fi\/wp-json\/wp\/v2\/product_cat?post=2399959"},{"taxonomy":"product_tag","embeddable":true,"href":"https:\/\/digelius.com\/fi\/wp-json\/wp\/v2\/product_tag?post=2399959"}],"curies":[{"name":"wp","href":"https:\/\/api.w.org\/{rel}","templated":true}]}}