{"id":2400242,"date":"2025-04-29T17:51:49","date_gmt":"2025-04-29T14:51:49","guid":{"rendered":"https:\/\/digelius.com\/product\/fabian-rucker-5-hypocritical-mass\/"},"modified":"2026-01-24T11:31:37","modified_gmt":"2026-01-24T09:31:37","slug":"fabian-rucker-5-hypocritical-mass","status":"publish","type":"product","link":"https:\/\/digelius.com\/fi\/product\/fabian-rucker-5-hypocritical-mass\/","title":{"rendered":"Fabian Rucker 5: Hypocritical Mass"},"content":{"rendered":"<p>still in shrink<\/p>\n<p>Recorded by Fabian Rucker and Viktor Szab\u00e9 at BMC Studio, Budapest, January 2018<br \/>\nMixed by Fabian Rucker at Ziegelwerk Vienna and Three Horses In A Wood, NY<br \/>\nMastered by Horst Pfaffelmayer at Goldchamber Mastering<br \/>\nArtwork: L\u00e1szl\u00f3 Husz\u00e1r \/ Greenroom<br \/>\nLabel manager: Tam\u00e1s Bogn\u00e1r<\/p>\n<p>\u00a9 2019 Budapest Music Center Records<\/p>\n","protected":false},"excerpt":{"rendered":"<p>Media Condition: Mint (M)<\/p>\n<p>Sleeve Condition: Mint (M)<\/p>\n<p>Label: Budapest Music Center Records<\/p>\n<p>Released: 2019<\/p>\n","protected":false},"featured_media":3148912,"template":"","meta":{"_acf_changed":false},"product_brand":[],"product_cat":[96,16],"product_tag":[],"class_list":{"0":"post-2400242","1":"product","2":"type-product","3":"status-publish","4":"has-post-thumbnail","6":"product_cat-jazz-fi","7":"product_cat-jazz","9":"first","10":"instock","11":"taxable","12":"shipping-taxable","13":"purchasable","14":"product-type-simple"},"acf":[],"mb":[],"mfb_rest_fields":["title"],"_links":{"self":[{"href":"https:\/\/digelius.com\/fi\/wp-json\/wp\/v2\/product\/2400242","targetHints":{"allow":["GET"]}}],"collection":[{"href":"https:\/\/digelius.com\/fi\/wp-json\/wp\/v2\/product"}],"about":[{"href":"https:\/\/digelius.com\/fi\/wp-json\/wp\/v2\/types\/product"}],"wp:featuredmedia":[{"embeddable":true,"href":"https:\/\/digelius.com\/fi\/wp-json\/wp\/v2\/media\/3148912"}],"wp:attachment":[{"href":"https:\/\/digelius.com\/fi\/wp-json\/wp\/v2\/media?parent=2400242"}],"wp:term":[{"taxonomy":"product_brand","embeddable":true,"href":"https:\/\/digelius.com\/fi\/wp-json\/wp\/v2\/product_brand?post=2400242"},{"taxonomy":"product_cat","embeddable":true,"href":"https:\/\/digelius.com\/fi\/wp-json\/wp\/v2\/product_cat?post=2400242"},{"taxonomy":"product_tag","embeddable":true,"href":"https:\/\/digelius.com\/fi\/wp-json\/wp\/v2\/product_tag?post=2400242"}],"curies":[{"name":"wp","href":"https:\/\/api.w.org\/{rel}","templated":true}]}}