{"id":2400320,"date":"2025-04-29T18:06:36","date_gmt":"2025-04-29T15:06:36","guid":{"rendered":"https:\/\/digelius.com\/product\/blast-9-drifting\/"},"modified":"2026-01-24T10:02:16","modified_gmt":"2026-01-24T08:02:16","slug":"blast-9-drifting","status":"publish","type":"product","link":"https:\/\/digelius.com\/fi\/product\/blast-9-drifting\/","title":{"rendered":"Blast (9): Drifting"},"content":{"rendered":"<p>still in shrink<\/p>\n<p>Enregistr\u00e9 en novembre 2017 au studio I&#8217;Artsc\u00e8ne [Recorded i november 2017 at studio I&#8217;Artsc\u00e8ne]<br \/>\nMastering, Studio J Raph ing &#8211; France<\/p>\n<p>Issued in 4-panel digipak with clear tray.<\/p>\n","protected":false},"excerpt":{"rendered":"<p>Media Condition: Mint (M)<\/p>\n<p>Sleeve Condition: Mint (M)<\/p>\n<p>Label: Label Pince-Oreilles<\/p>\n<p>Released: 2018<\/p>\n","protected":false},"featured_media":3148906,"template":"","meta":{"_acf_changed":false},"product_brand":[],"product_cat":[16,27],"product_tag":[],"class_list":{"0":"post-2400320","1":"product","2":"type-product","3":"status-publish","4":"has-post-thumbnail","6":"product_cat-jazz","7":"product_cat-rock","9":"first","10":"instock","11":"taxable","12":"shipping-taxable","13":"purchasable","14":"product-type-simple"},"acf":[],"mb":[],"mfb_rest_fields":["title"],"_links":{"self":[{"href":"https:\/\/digelius.com\/fi\/wp-json\/wp\/v2\/product\/2400320","targetHints":{"allow":["GET"]}}],"collection":[{"href":"https:\/\/digelius.com\/fi\/wp-json\/wp\/v2\/product"}],"about":[{"href":"https:\/\/digelius.com\/fi\/wp-json\/wp\/v2\/types\/product"}],"wp:featuredmedia":[{"embeddable":true,"href":"https:\/\/digelius.com\/fi\/wp-json\/wp\/v2\/media\/3148906"}],"wp:attachment":[{"href":"https:\/\/digelius.com\/fi\/wp-json\/wp\/v2\/media?parent=2400320"}],"wp:term":[{"taxonomy":"product_brand","embeddable":true,"href":"https:\/\/digelius.com\/fi\/wp-json\/wp\/v2\/product_brand?post=2400320"},{"taxonomy":"product_cat","embeddable":true,"href":"https:\/\/digelius.com\/fi\/wp-json\/wp\/v2\/product_cat?post=2400320"},{"taxonomy":"product_tag","embeddable":true,"href":"https:\/\/digelius.com\/fi\/wp-json\/wp\/v2\/product_tag?post=2400320"}],"curies":[{"name":"wp","href":"https:\/\/api.w.org\/{rel}","templated":true}]}}