{"id":2444404,"date":"2025-05-05T20:26:38","date_gmt":"2025-05-05T17:26:38","guid":{"rendered":"https:\/\/digelius.com\/product\/helsingin-tyovaenyhdistyksen-soittokunta-taistojen-tiella\/"},"modified":"2026-01-24T05:02:41","modified_gmt":"2026-01-24T03:02:41","slug":"helsingin-tyovaenyhdistyksen-soittokunta-taistojen-tiella","status":"publish","type":"product","link":"https:\/\/digelius.com\/fi\/product\/helsingin-tyovaenyhdistyksen-soittokunta-taistojen-tiella\/","title":{"rendered":"Helsingin Ty\u00f6v\u00e4enyhdistyksen Soittokunta: Taistojen Tiell\u00e4"},"content":{"rendered":"<\/p>\n","protected":false},"excerpt":{"rendered":"<p>Media Condition: Very Good (VG)<\/p>\n<p>Sleeve Condition: Very Good (VG)<\/p>\n<p>Label: Scandia<\/p>\n<p>Released: 1969<\/p>\n","protected":false},"featured_media":3148670,"template":"","meta":{"_acf_changed":false},"product_brand":[],"product_cat":[442,31],"product_tag":[],"class_list":{"0":"post-2444404","1":"product","2":"type-product","3":"status-publish","4":"has-post-thumbnail","6":"product_cat-brass-military","7":"product_cat-folk-world-country","9":"first","10":"instock","11":"taxable","12":"shipping-taxable","13":"purchasable","14":"product-type-simple"},"acf":[],"mb":[],"mfb_rest_fields":["title"],"_links":{"self":[{"href":"https:\/\/digelius.com\/fi\/wp-json\/wp\/v2\/product\/2444404","targetHints":{"allow":["GET"]}}],"collection":[{"href":"https:\/\/digelius.com\/fi\/wp-json\/wp\/v2\/product"}],"about":[{"href":"https:\/\/digelius.com\/fi\/wp-json\/wp\/v2\/types\/product"}],"wp:featuredmedia":[{"embeddable":true,"href":"https:\/\/digelius.com\/fi\/wp-json\/wp\/v2\/media\/3148670"}],"wp:attachment":[{"href":"https:\/\/digelius.com\/fi\/wp-json\/wp\/v2\/media?parent=2444404"}],"wp:term":[{"taxonomy":"product_brand","embeddable":true,"href":"https:\/\/digelius.com\/fi\/wp-json\/wp\/v2\/product_brand?post=2444404"},{"taxonomy":"product_cat","embeddable":true,"href":"https:\/\/digelius.com\/fi\/wp-json\/wp\/v2\/product_cat?post=2444404"},{"taxonomy":"product_tag","embeddable":true,"href":"https:\/\/digelius.com\/fi\/wp-json\/wp\/v2\/product_tag?post=2444404"}],"curies":[{"name":"wp","href":"https:\/\/api.w.org\/{rel}","templated":true}]}}