{"id":2444774,"date":"2025-05-05T21:31:49","date_gmt":"2025-05-05T18:31:49","guid":{"rendered":"https:\/\/digelius.com\/product\/various-suomalaisia-klassikkoja-finnish-klassiker-finnish-classics\/"},"modified":"2026-01-24T04:02:30","modified_gmt":"2026-01-24T02:02:30","slug":"various-suomalaisia-klassikkoja-finnish-klassiker-finnish-classics","status":"publish","type":"product","link":"https:\/\/digelius.com\/fi\/product\/various-suomalaisia-klassikkoja-finnish-klassiker-finnish-classics\/","title":{"rendered":"Various: Suomalaisia Klassikkoja = Finnish Klassiker = Finnish Classics"},"content":{"rendered":"<\/p>\n<p>In the front there is a label &#8221;1877-1977 Satavuotias \u00e4\u00e4nilevy&#8221; , i.e voice records 100 Years<\/p>\n<p>T\u00e4t\u00e4 levy\u00e4 on valmistettu sata numeroitua kappaletta i.e. One hundred numbered copies have been manufactured of this record.<\/p>\n<p>Original record labels and year for tracks:<br \/>\nA1 (1877, (1908), 1918, 1927<br \/>\nA2 &#8211; Path\u00e9 24003 (1902 or 1903)<br \/>\nA3 &#8211; Gramophone X 2148 (1902)<br \/>\nA4 &#8211; Gramophone 2-82462 (1906 ?)<br \/>\nA5 &#8211;  Gramophone 0236 (1907 ?)<br \/>\nA6 &#8211;  Gramophone G. C.-81113<br \/>\nA7 &#8211;  Gramophone 1-282270 (1913)<br \/>\nA8 &#8211;  Gramophone 4326 (1912 ?), record was not published<br \/>\nA9 &#8211; Odeon XXHF 234-44 (1930 ?), record was not published<\/p>\n<p>B1 &#8211; HMV X 2826 (1929)<br \/>\nB2 &#8211; Odeon RXX 210651 (1938)<br \/>\nB3 &#8211; Electrola E.G. 7045 (1938 ?)<br \/>\nB4 &#8211; Odeon AA 210600 (1929)<br \/>\nB5 &#8211; HMV X 6341 (1938)<br \/>\nB6 &#8211; Telefunken A 2543<br \/>\nB7 &#8211; Decca DN 3050 (1962)<br \/>\nB8 &#8211; Finnlevy SFX 22-24 (1975)<\/p>\n","protected":false},"excerpt":{"rendered":"<p>Media Condition: Near Mint (NM or M-)<\/p>\n<p>Sleeve Condition: Very Good Plus (VG+)<\/p>\n<p>Label: IFPI<\/p>\n<p>Released: 1977<\/p>\n","protected":false},"featured_media":3148641,"template":"","meta":{"_acf_changed":false},"product_brand":[],"product_cat":[441,23,31],"product_tag":[],"class_list":{"0":"post-2444774","1":"product","2":"type-product","3":"status-publish","4":"has-post-thumbnail","6":"product_cat-non-music","7":"product_cat-classical","8":"product_cat-folk-world-country","10":"first","11":"instock","12":"taxable","13":"shipping-taxable","14":"purchasable","15":"product-type-simple"},"acf":[],"mb":[],"mfb_rest_fields":["title"],"_links":{"self":[{"href":"https:\/\/digelius.com\/fi\/wp-json\/wp\/v2\/product\/2444774","targetHints":{"allow":["GET"]}}],"collection":[{"href":"https:\/\/digelius.com\/fi\/wp-json\/wp\/v2\/product"}],"about":[{"href":"https:\/\/digelius.com\/fi\/wp-json\/wp\/v2\/types\/product"}],"wp:featuredmedia":[{"embeddable":true,"href":"https:\/\/digelius.com\/fi\/wp-json\/wp\/v2\/media\/3148641"}],"wp:attachment":[{"href":"https:\/\/digelius.com\/fi\/wp-json\/wp\/v2\/media?parent=2444774"}],"wp:term":[{"taxonomy":"product_brand","embeddable":true,"href":"https:\/\/digelius.com\/fi\/wp-json\/wp\/v2\/product_brand?post=2444774"},{"taxonomy":"product_cat","embeddable":true,"href":"https:\/\/digelius.com\/fi\/wp-json\/wp\/v2\/product_cat?post=2444774"},{"taxonomy":"product_tag","embeddable":true,"href":"https:\/\/digelius.com\/fi\/wp-json\/wp\/v2\/product_tag?post=2444774"}],"curies":[{"name":"wp","href":"https:\/\/api.w.org\/{rel}","templated":true}]}}