{"id":2476310,"date":"2025-05-10T06:44:24","date_gmt":"2025-05-10T03:44:24","guid":{"rendered":"https:\/\/digelius.com\/product\/various-ukk-aanikuvia-elamasta\/"},"modified":"2026-03-03T17:14:11","modified_gmt":"2026-03-03T15:14:11","slug":"various-ukk-aanikuvia-elamasta","status":"publish","type":"product","link":"https:\/\/digelius.com\/fi\/product\/various-ukk-aanikuvia-elamasta\/","title":{"rendered":"Various: UKK \u00c4\u00e4nikuvia el\u00e4m\u00e4st\u00e4"},"content":{"rendered":"<\/p>\n<p>3-record box set.<\/p>\n<p>Dokumentti\u00e4\u00e4nitteet: Radion \u00e4\u00e4niarkisto<br \/>\nTy\u00f6ryhm\u00e4: Jukka Lehesvirta, Jorma Kallenautio, Aarre Nyman, Max Rand, Pertti Salomaa, Jarmo Virmavirta<br \/>\n\u00c4\u00e4nitarkkailijat: Arla Nummenp\u00e4\u00e4, Tuula Sinisara<br \/>\nJuontajat: Timo Kuparinen ja Seija Wallius-Kokkonen<br \/>\nGraafinen suunnittelu: Matti Lukkari<br \/>\nKannen Kuva: Kalle Kultala<\/p>\n<p>Kirjapaino E. Kuronen<\/p>\n","protected":false},"excerpt":{"rendered":"<p>Media Condition: Near Mint (NM or M-)<\/p>\n<p>Sleeve Condition: Very Good Plus (VG+)<\/p>\n<p>Label: YLE<\/p>\n<p>Released: 1981<\/p>\n","protected":false},"featured_media":3148632,"template":"","meta":{"_acf_changed":false},"product_brand":[],"product_cat":[441],"product_tag":[],"class_list":{"0":"post-2476310","1":"product","2":"type-product","3":"status-publish","4":"has-post-thumbnail","6":"product_cat-non-music","8":"first","9":"outofstock","10":"taxable","11":"shipping-taxable","12":"purchasable","13":"product-type-simple"},"acf":[],"mb":[],"mfb_rest_fields":["title"],"_links":{"self":[{"href":"https:\/\/digelius.com\/fi\/wp-json\/wp\/v2\/product\/2476310","targetHints":{"allow":["GET"]}}],"collection":[{"href":"https:\/\/digelius.com\/fi\/wp-json\/wp\/v2\/product"}],"about":[{"href":"https:\/\/digelius.com\/fi\/wp-json\/wp\/v2\/types\/product"}],"wp:featuredmedia":[{"embeddable":true,"href":"https:\/\/digelius.com\/fi\/wp-json\/wp\/v2\/media\/3148632"}],"wp:attachment":[{"href":"https:\/\/digelius.com\/fi\/wp-json\/wp\/v2\/media?parent=2476310"}],"wp:term":[{"taxonomy":"product_brand","embeddable":true,"href":"https:\/\/digelius.com\/fi\/wp-json\/wp\/v2\/product_brand?post=2476310"},{"taxonomy":"product_cat","embeddable":true,"href":"https:\/\/digelius.com\/fi\/wp-json\/wp\/v2\/product_cat?post=2476310"},{"taxonomy":"product_tag","embeddable":true,"href":"https:\/\/digelius.com\/fi\/wp-json\/wp\/v2\/product_tag?post=2476310"}],"curies":[{"name":"wp","href":"https:\/\/api.w.org\/{rel}","templated":true}]}}