{"id":24971,"date":"2023-12-29T13:48:35","date_gmt":"2023-12-29T11:48:35","guid":{"rendered":"https:\/\/digelius.qb.web-veistamo.fi\/product\/kvalda-kvalda\/"},"modified":"2026-02-04T15:30:54","modified_gmt":"2026-02-04T13:30:54","slug":"kvalda-kvalda","status":"publish","type":"product","link":"https:\/\/digelius.com\/fi\/product\/kvalda-kvalda\/","title":{"rendered":"Kvalda: Kvalda"},"content":{"rendered":"<p>Pickup possible at Digelius Music in Helsinki (by selecting the &quot;local pickup&quot; shipping option).<\/p>\n<p>total 48.52<\/p>\n<p>\u00a9 \u2117 kvalda 2004<\/p>\n<p>\u00c4\u00e4nitetty Jyv\u00e4skyl\u00e4n ammattiopiston konservatorion studiossa toukokuussa 2003 ja maaliskuussa 2004<\/p>\n<p>DIGIPAK\u00ae Manufactured by Van de Steeg, Holland, under license from AGI, USA<\/p>\n<p>Made in EU<\/p>\n","protected":false},"excerpt":{"rendered":"<p>Media Condition: Very Good (VG)<\/p>\n<p>Sleeve Condition: Very Good Plus (VG+)<\/p>\n<p>Label: Jyzz<\/p>\n<p>Released: 2004<\/p>\n","protected":false},"featured_media":3154054,"template":"","meta":{"_acf_changed":false},"product_brand":[],"product_cat":[16],"product_tag":[],"class_list":{"0":"post-24971","1":"product","2":"type-product","3":"status-publish","4":"has-post-thumbnail","6":"product_cat-jazz","8":"first","9":"instock","10":"taxable","11":"shipping-taxable","12":"purchasable","13":"product-type-simple"},"acf":[],"mb":[],"mfb_rest_fields":["title"],"_links":{"self":[{"href":"https:\/\/digelius.com\/fi\/wp-json\/wp\/v2\/product\/24971","targetHints":{"allow":["GET"]}}],"collection":[{"href":"https:\/\/digelius.com\/fi\/wp-json\/wp\/v2\/product"}],"about":[{"href":"https:\/\/digelius.com\/fi\/wp-json\/wp\/v2\/types\/product"}],"wp:featuredmedia":[{"embeddable":true,"href":"https:\/\/digelius.com\/fi\/wp-json\/wp\/v2\/media\/3154054"}],"wp:attachment":[{"href":"https:\/\/digelius.com\/fi\/wp-json\/wp\/v2\/media?parent=24971"}],"wp:term":[{"taxonomy":"product_brand","embeddable":true,"href":"https:\/\/digelius.com\/fi\/wp-json\/wp\/v2\/product_brand?post=24971"},{"taxonomy":"product_cat","embeddable":true,"href":"https:\/\/digelius.com\/fi\/wp-json\/wp\/v2\/product_cat?post=24971"},{"taxonomy":"product_tag","embeddable":true,"href":"https:\/\/digelius.com\/fi\/wp-json\/wp\/v2\/product_tag?post=24971"}],"curies":[{"name":"wp","href":"https:\/\/api.w.org\/{rel}","templated":true}]}}