{"id":2506036,"date":"2025-05-14T13:16:36","date_gmt":"2025-05-14T10:16:36","guid":{"rendered":"https:\/\/digelius.com\/product\/arne-domnerus-orkester-far-jag-lov-eller-skall-vi-dansa-forst\/"},"modified":"2026-01-24T02:01:19","modified_gmt":"2026-01-24T00:01:19","slug":"arne-domnerus-orkester-far-jag-lov-eller-skall-vi-dansa-forst","status":"publish","type":"product","link":"https:\/\/digelius.com\/fi\/product\/arne-domnerus-orkester-far-jag-lov-eller-skall-vi-dansa-forst\/","title":{"rendered":"Arne Domn\u00e9rus Orkester: F\u00e5r Jag Lov &#8230; Eller Skall Vi Dansa F\u00f6rst &#8230;"},"content":{"rendered":"<\/p>\n<p>Recorded at Castle Hotel, Stockholm, May 24-25, 1994.<\/p>\n<p>Identical issue, same year as<br \/>\n[r9353036]<\/p>\n","protected":false},"excerpt":{"rendered":"<p>Media Condition: Near Mint (NM or M-)<\/p>\n<p>Sleeve Condition: Near Mint (NM or M-)<\/p>\n<p>Label: Gazell<\/p>\n<p>Released: 1994<\/p>\n","protected":false},"featured_media":3148580,"template":"","meta":{"_acf_changed":false},"product_brand":[],"product_cat":[16,28],"product_tag":[],"class_list":{"0":"post-2506036","1":"product","2":"type-product","3":"status-publish","4":"has-post-thumbnail","6":"product_cat-jazz","7":"product_cat-pop","9":"first","10":"instock","11":"taxable","12":"shipping-taxable","13":"purchasable","14":"product-type-simple"},"acf":[],"mb":[],"mfb_rest_fields":["title"],"_links":{"self":[{"href":"https:\/\/digelius.com\/fi\/wp-json\/wp\/v2\/product\/2506036","targetHints":{"allow":["GET"]}}],"collection":[{"href":"https:\/\/digelius.com\/fi\/wp-json\/wp\/v2\/product"}],"about":[{"href":"https:\/\/digelius.com\/fi\/wp-json\/wp\/v2\/types\/product"}],"wp:featuredmedia":[{"embeddable":true,"href":"https:\/\/digelius.com\/fi\/wp-json\/wp\/v2\/media\/3148580"}],"wp:attachment":[{"href":"https:\/\/digelius.com\/fi\/wp-json\/wp\/v2\/media?parent=2506036"}],"wp:term":[{"taxonomy":"product_brand","embeddable":true,"href":"https:\/\/digelius.com\/fi\/wp-json\/wp\/v2\/product_brand?post=2506036"},{"taxonomy":"product_cat","embeddable":true,"href":"https:\/\/digelius.com\/fi\/wp-json\/wp\/v2\/product_cat?post=2506036"},{"taxonomy":"product_tag","embeddable":true,"href":"https:\/\/digelius.com\/fi\/wp-json\/wp\/v2\/product_tag?post=2506036"}],"curies":[{"name":"wp","href":"https:\/\/api.w.org\/{rel}","templated":true}]}}