{"id":2562959,"date":"2025-05-22T10:56:44","date_gmt":"2025-05-22T07:56:44","guid":{"rendered":"https:\/\/digelius.com\/product\/martin-tetreault-rene-lussier-michel-f-cote-des-pas-et-des-mois\/"},"modified":"2026-01-23T20:32:13","modified_gmt":"2026-01-23T18:32:13","slug":"martin-tetreault-rene-lussier-michel-f-cote-des-pas-et-des-mois","status":"publish","type":"product","link":"https:\/\/digelius.com\/fi\/product\/martin-tetreault-rene-lussier-michel-f-cote-des-pas-et-des-mois\/","title":{"rendered":"Martin T\u00e9treault &amp; Ren\u00e9 Lussier &amp; Michel F. C\u00f4t\u00e9: Des Pas Et Des Mois"},"content":{"rendered":"<\/p>\n<p>Recorded &amp; mixed April 1989 to July 1990. at Studio 270 (Montr\u00e9al, Qu\u00e9bec, Canada).<br \/>\n(c) 1990 SOCAN \/ Matin T\u00e9treault, Ren\u00e9 Lussier, Michel F. C\u00f4t\u00e9<br \/>\nAlso issued on compact disc (Ambiances magn\u00e9tiques, AM 017, 1991).<\/p>\n","protected":false},"excerpt":{"rendered":"<p>Media Condition: Very Good Plus (VG+)<\/p>\n<p>Sleeve Condition: Near Mint (NM or M-)<\/p>\n<p>Label: Ambiances Magn\u00e9tiques<\/p>\n<p>Released: 1990<\/p>\n","protected":false},"featured_media":3148484,"template":"","meta":{"_acf_changed":false},"product_brand":[],"product_cat":[16,27],"product_tag":[],"class_list":{"0":"post-2562959","1":"product","2":"type-product","3":"status-publish","4":"has-post-thumbnail","6":"product_cat-jazz","7":"product_cat-rock","9":"first","10":"instock","11":"taxable","12":"shipping-taxable","13":"purchasable","14":"product-type-simple"},"acf":[],"mb":[],"mfb_rest_fields":["title"],"_links":{"self":[{"href":"https:\/\/digelius.com\/fi\/wp-json\/wp\/v2\/product\/2562959","targetHints":{"allow":["GET"]}}],"collection":[{"href":"https:\/\/digelius.com\/fi\/wp-json\/wp\/v2\/product"}],"about":[{"href":"https:\/\/digelius.com\/fi\/wp-json\/wp\/v2\/types\/product"}],"wp:featuredmedia":[{"embeddable":true,"href":"https:\/\/digelius.com\/fi\/wp-json\/wp\/v2\/media\/3148484"}],"wp:attachment":[{"href":"https:\/\/digelius.com\/fi\/wp-json\/wp\/v2\/media?parent=2562959"}],"wp:term":[{"taxonomy":"product_brand","embeddable":true,"href":"https:\/\/digelius.com\/fi\/wp-json\/wp\/v2\/product_brand?post=2562959"},{"taxonomy":"product_cat","embeddable":true,"href":"https:\/\/digelius.com\/fi\/wp-json\/wp\/v2\/product_cat?post=2562959"},{"taxonomy":"product_tag","embeddable":true,"href":"https:\/\/digelius.com\/fi\/wp-json\/wp\/v2\/product_tag?post=2562959"}],"curies":[{"name":"wp","href":"https:\/\/api.w.org\/{rel}","templated":true}]}}