{"id":2563505,"date":"2025-05-22T12:36:56","date_gmt":"2025-05-22T09:36:56","guid":{"rendered":"https:\/\/digelius.com\/product\/pal-eszter-napot-holdat-csillagot\/"},"modified":"2026-01-23T16:31:44","modified_gmt":"2026-01-23T14:31:44","slug":"pal-eszter-napot-holdat-csillagot","status":"publish","type":"product","link":"https:\/\/digelius.com\/fi\/product\/pal-eszter-napot-holdat-csillagot\/","title":{"rendered":"P\u00e1l Eszter: Napot Holdat Csillagot"},"content":{"rendered":"<p>still in shrink<\/p>\n<p>Eszter P\u00e1l is from the K\u00e1rp\u00e1talja \/ Subcarpathia region, and on this album she sings Rusyn folk songs from M\u00e1ramaros together with her father. The \u201dNapot, holdat, Csillagot\u201d is Eszter P\u00e1l\u2019s first album. \u201d\u2026it is not the excitement and the innovation that makes it interesting, but its uplifting quality and they totally immerse themselves in music. A very strong record, a perfect voice, the quintessential of quality. Flawless.\u201d L\u00e1ngol\u00f3 Git\u00e1rok &#8211; langologitarok.hu &#8211; leading music blog<\/p>\n<p>\u201cThe place where I was born is of key importance. This is where everything began for me &#8211; with my family, music, and song. This record is a kind of musical imprint \u2013 a product of the years, presented through the most beautiful melodies of the Carpathian Basin.<\/p>\n<p>Each region that has been important in my musical life is represented. It is a journey: from Transylvania, through the Upper Hungarian language area, the Danube region, and home to Transcarpathia. It is a reflection of my musical taste as a folk singer. It is everything I am surrounded with: my outstanding musician friends and my family. Playing music together with my father and brother is always a great pleasure. The full picture of me is my own trinity: family, music and song. A complete unit. Like the sun, moon and stars.\u201d (Eszter P\u00e1l)<\/p>\n<p>The album gives an overview of the folk traditions of the Carpathian Basin: there are tunes from Sz\u00e9k, Magyar\u00f3zd,the Kalotaszeg region, and from the county of Baranya.<br \/>\nNaturally, the multiethnic and multicultural traditions of her native land, the K\u00e1rp\u00e1talja \/ Subcarpathia region are presented as well. She graduated from Liszt Academy as a folk singer; she is a permanent vocalist of her brother\u2019s band, the Istv\u00e1n P\u00e1l \u2019Szalonna\u2019 and his Band formation.<br \/>\nHer brother\u2019s band features on her debut album as well, and among others, you can also hear their father, Istv\u00e1n P\u00e1l.<\/p>\n","protected":false},"excerpt":{"rendered":"<p>Media Condition: Mint (M)<\/p>\n<p>Sleeve Condition: Mint (M)<\/p>\n<p>Label: Fon\u00f3 Records<\/p>\n<p>Released: 2014<\/p>\n","protected":false},"featured_media":3148406,"template":"","meta":{"_acf_changed":false},"product_brand":[],"product_cat":[31],"product_tag":[],"class_list":{"0":"post-2563505","1":"product","2":"type-product","3":"status-publish","4":"has-post-thumbnail","6":"product_cat-folk-world-country","8":"first","9":"instock","10":"taxable","11":"shipping-taxable","12":"purchasable","13":"product-type-simple"},"acf":[],"mb":[],"mfb_rest_fields":["title"],"_links":{"self":[{"href":"https:\/\/digelius.com\/fi\/wp-json\/wp\/v2\/product\/2563505","targetHints":{"allow":["GET"]}}],"collection":[{"href":"https:\/\/digelius.com\/fi\/wp-json\/wp\/v2\/product"}],"about":[{"href":"https:\/\/digelius.com\/fi\/wp-json\/wp\/v2\/types\/product"}],"wp:featuredmedia":[{"embeddable":true,"href":"https:\/\/digelius.com\/fi\/wp-json\/wp\/v2\/media\/3148406"}],"wp:attachment":[{"href":"https:\/\/digelius.com\/fi\/wp-json\/wp\/v2\/media?parent=2563505"}],"wp:term":[{"taxonomy":"product_brand","embeddable":true,"href":"https:\/\/digelius.com\/fi\/wp-json\/wp\/v2\/product_brand?post=2563505"},{"taxonomy":"product_cat","embeddable":true,"href":"https:\/\/digelius.com\/fi\/wp-json\/wp\/v2\/product_cat?post=2563505"},{"taxonomy":"product_tag","embeddable":true,"href":"https:\/\/digelius.com\/fi\/wp-json\/wp\/v2\/product_tag?post=2563505"}],"curies":[{"name":"wp","href":"https:\/\/api.w.org\/{rel}","templated":true}]}}