{"id":2563570,"date":"2025-05-22T12:47:01","date_gmt":"2025-05-22T09:47:01","guid":{"rendered":"https:\/\/digelius.com\/product\/tuure-kilpelainen-ja-kaihon-karavaani-kapalikko\/"},"modified":"2026-01-23T17:01:42","modified_gmt":"2026-01-23T15:01:42","slug":"tuure-kilpelainen-ja-kaihon-karavaani-kapalikko","status":"publish","type":"product","link":"https:\/\/digelius.com\/fi\/product\/tuure-kilpelainen-ja-kaihon-karavaani-kapalikko\/","title":{"rendered":"Tuure Kilpel\u00e4inen Ja Kaihon Karavaani: K\u00e4p\u00e4likk\u00f6"},"content":{"rendered":"<\/p>\n<p>\u00a9 &amp; \u2117 2014 Kaiho Republic<br \/>\nManufactured in the E.U.<\/p>\n<p>Digipak with a booklet<\/p>\n","protected":false},"excerpt":{"rendered":"<p>Media Condition: Near Mint (NM or M-)<\/p>\n<p>Sleeve Condition: Near Mint (NM or M-)<\/p>\n<p>Label: Kaiho Republic,Kaiho Republic<\/p>\n<p>Released: 2014<\/p>\n","protected":false},"featured_media":3148387,"template":"","meta":{"_acf_changed":false},"product_brand":[],"product_cat":[31,28,27],"product_tag":[],"class_list":{"0":"post-2563570","1":"product","2":"type-product","3":"status-publish","4":"has-post-thumbnail","6":"product_cat-folk-world-country","7":"product_cat-pop","8":"product_cat-rock","10":"first","11":"instock","12":"taxable","13":"shipping-taxable","14":"purchasable","15":"product-type-simple"},"acf":[],"mb":[],"mfb_rest_fields":["title"],"_links":{"self":[{"href":"https:\/\/digelius.com\/fi\/wp-json\/wp\/v2\/product\/2563570","targetHints":{"allow":["GET"]}}],"collection":[{"href":"https:\/\/digelius.com\/fi\/wp-json\/wp\/v2\/product"}],"about":[{"href":"https:\/\/digelius.com\/fi\/wp-json\/wp\/v2\/types\/product"}],"wp:featuredmedia":[{"embeddable":true,"href":"https:\/\/digelius.com\/fi\/wp-json\/wp\/v2\/media\/3148387"}],"wp:attachment":[{"href":"https:\/\/digelius.com\/fi\/wp-json\/wp\/v2\/media?parent=2563570"}],"wp:term":[{"taxonomy":"product_brand","embeddable":true,"href":"https:\/\/digelius.com\/fi\/wp-json\/wp\/v2\/product_brand?post=2563570"},{"taxonomy":"product_cat","embeddable":true,"href":"https:\/\/digelius.com\/fi\/wp-json\/wp\/v2\/product_cat?post=2563570"},{"taxonomy":"product_tag","embeddable":true,"href":"https:\/\/digelius.com\/fi\/wp-json\/wp\/v2\/product_tag?post=2563570"}],"curies":[{"name":"wp","href":"https:\/\/api.w.org\/{rel}","templated":true}]}}