{"id":2563939,"date":"2025-05-22T13:51:37","date_gmt":"2025-05-22T10:51:37","guid":{"rendered":"https:\/\/digelius.com\/product\/jaakko-laitinen-vaara-raha-jaakko-laitinen-vaara-raha\/"},"modified":"2025-12-20T20:10:26","modified_gmt":"2025-12-20T18:10:26","slug":"jaakko-laitinen-vaara-raha-jaakko-laitinen-vaara-raha","status":"publish","type":"product","link":"https:\/\/digelius.com\/fi\/product\/jaakko-laitinen-vaara-raha-jaakko-laitinen-vaara-raha\/","title":{"rendered":"Jaakko Laitinen &amp; V\u00e4\u00e4r\u00e4 Raha: Jaakko Laitinen &amp; V\u00e4\u00e4r\u00e4 Raha"},"content":{"rendered":"<\/p>\n<p>\n(c) &amp; (p) Helmi Levyt 2010<\/p>\n","protected":false},"excerpt":{"rendered":"<p>Media Condition: Near Mint (NM or M-)<\/p>\n<p>Sleeve Condition: Near Mint (NM or M-)<\/p>\n<p>Label: Helmi Levyt<\/p>\n<p>Released: 2010<\/p>\n","protected":false},"featured_media":3098094,"template":"","meta":{"_acf_changed":false},"product_brand":[],"product_cat":[31],"product_tag":[],"class_list":{"0":"post-2563939","1":"product","2":"type-product","3":"status-publish","4":"has-post-thumbnail","6":"product_cat-folk-world-country","8":"first","9":"instock","10":"taxable","11":"shipping-taxable","12":"purchasable","13":"product-type-simple"},"acf":[],"mb":[],"mfb_rest_fields":["title"],"_links":{"self":[{"href":"https:\/\/digelius.com\/fi\/wp-json\/wp\/v2\/product\/2563939","targetHints":{"allow":["GET"]}}],"collection":[{"href":"https:\/\/digelius.com\/fi\/wp-json\/wp\/v2\/product"}],"about":[{"href":"https:\/\/digelius.com\/fi\/wp-json\/wp\/v2\/types\/product"}],"wp:featuredmedia":[{"embeddable":true,"href":"https:\/\/digelius.com\/fi\/wp-json\/wp\/v2\/media\/3098094"}],"wp:attachment":[{"href":"https:\/\/digelius.com\/fi\/wp-json\/wp\/v2\/media?parent=2563939"}],"wp:term":[{"taxonomy":"product_brand","embeddable":true,"href":"https:\/\/digelius.com\/fi\/wp-json\/wp\/v2\/product_brand?post=2563939"},{"taxonomy":"product_cat","embeddable":true,"href":"https:\/\/digelius.com\/fi\/wp-json\/wp\/v2\/product_cat?post=2563939"},{"taxonomy":"product_tag","embeddable":true,"href":"https:\/\/digelius.com\/fi\/wp-json\/wp\/v2\/product_tag?post=2563939"}],"curies":[{"name":"wp","href":"https:\/\/api.w.org\/{rel}","templated":true}]}}