{"id":2563992,"date":"2025-05-22T13:56:59","date_gmt":"2025-05-22T10:56:59","guid":{"rendered":"https:\/\/digelius.com\/product\/maria-gasolina-pitkaa-siltaa\/"},"modified":"2026-01-23T12:31:58","modified_gmt":"2026-01-23T10:31:58","slug":"maria-gasolina-pitkaa-siltaa","status":"publish","type":"product","link":"https:\/\/digelius.com\/fi\/product\/maria-gasolina-pitkaa-siltaa\/","title":{"rendered":"Maria Gasolina: Pitk\u00e4\u00e4 Siltaa"},"content":{"rendered":"<\/p>\n<p>Original titles<br \/>\n1 Habibi Taal &#8211; \u062d\u0628\u064a\u0628\u064a \u062a\u0639\u0627\u0644<br \/>\n3 \u015e\u0131mar\u0131k<br \/>\n4 Samar<br \/>\n6 Yaz Gazeteci Yaz<br \/>\n7 Sina Raha<br \/>\n8 \u0625\u0644\u0647\u0627\u0645 \u0627\u0644\u0645\u062f\u0641\u0639\u064a \u0645\u0627\u0644\u064a \u0634\u063a\u0644 \u0628\u0627\u0644\u0633\u0648\u0642 &#8211; Mall Chugul Bil Soug<br \/>\n9 Nouar<br \/>\n10 To Tragoudi Ton Gifton (Balamos) &#8211; \u03a4\u03bf \u03a4\u03c1\u03b1\u03b3\u03bf\u03cd\u03b4\u03b9 \u03a4\u03c9\u03bd \u0393\u03cd\u03c6\u03c4\u03c9\u03bd (\u039c\u03c0\u03b1\u03bb\u03b1\u03bc\u03cc\u03c2)<\/p>\n<p>Gatefold thin cardboard sleeve<\/p>\n","protected":false},"excerpt":{"rendered":"<p>Media Condition: Near Mint (NM or M-)<\/p>\n<p>Sleeve Condition: Near Mint (NM or M-)<\/p>\n<p>Label: Gasolina Records<\/p>\n<p>Released: 2017<\/p>\n","protected":false},"featured_media":3148303,"template":"","meta":{"_acf_changed":false},"product_brand":[],"product_cat":[31],"product_tag":[],"class_list":{"0":"post-2563992","1":"product","2":"type-product","3":"status-publish","4":"has-post-thumbnail","6":"product_cat-folk-world-country","8":"first","9":"instock","10":"taxable","11":"shipping-taxable","12":"purchasable","13":"product-type-simple"},"acf":[],"mb":[],"mfb_rest_fields":["title"],"_links":{"self":[{"href":"https:\/\/digelius.com\/fi\/wp-json\/wp\/v2\/product\/2563992","targetHints":{"allow":["GET"]}}],"collection":[{"href":"https:\/\/digelius.com\/fi\/wp-json\/wp\/v2\/product"}],"about":[{"href":"https:\/\/digelius.com\/fi\/wp-json\/wp\/v2\/types\/product"}],"wp:featuredmedia":[{"embeddable":true,"href":"https:\/\/digelius.com\/fi\/wp-json\/wp\/v2\/media\/3148303"}],"wp:attachment":[{"href":"https:\/\/digelius.com\/fi\/wp-json\/wp\/v2\/media?parent=2563992"}],"wp:term":[{"taxonomy":"product_brand","embeddable":true,"href":"https:\/\/digelius.com\/fi\/wp-json\/wp\/v2\/product_brand?post=2563992"},{"taxonomy":"product_cat","embeddable":true,"href":"https:\/\/digelius.com\/fi\/wp-json\/wp\/v2\/product_cat?post=2563992"},{"taxonomy":"product_tag","embeddable":true,"href":"https:\/\/digelius.com\/fi\/wp-json\/wp\/v2\/product_tag?post=2563992"}],"curies":[{"name":"wp","href":"https:\/\/api.w.org\/{rel}","templated":true}]}}