{"id":2564594,"date":"2025-05-22T15:57:30","date_gmt":"2025-05-22T12:57:30","guid":{"rendered":"https:\/\/digelius.com\/product\/progres-2-mas-svuj-den-co-se-deje-u-mateje\/"},"modified":"2026-01-23T12:31:41","modified_gmt":"2026-01-23T10:31:41","slug":"progres-2-mas-svuj-den-co-se-deje-u-mateje","status":"publish","type":"product","link":"https:\/\/digelius.com\/fi\/product\/progres-2-mas-svuj-den-co-se-deje-u-mateje\/","title":{"rendered":"Progres 2: M\u00e1\u0161 Sv\u016fj Den \/ Co Se D\u011bje U Mat\u011bje"},"content":{"rendered":"<\/p>\n<p>Cover \u00a9 1985<br \/>\n\u2117  1985<br \/>\n___<\/p>\n<p>[Unglued preprinted \u201cRock\u201d series gatefold jacket, with overprinted credits, blank inside.]<\/p>\n","protected":false},"excerpt":{"rendered":"<p>Media Condition: Very Good Plus (VG+)<\/p>\n<p>Sleeve Condition: Very Good Plus (VG+)<\/p>\n<p>Label: Panton<\/p>\n<p>Released: 1985<\/p>\n","protected":false},"featured_media":3148287,"template":"","meta":{"_acf_changed":false},"product_brand":[],"product_cat":[22,94,98,27],"product_tag":[],"class_list":{"0":"post-2564594","1":"product","2":"type-product","3":"status-publish","4":"has-post-thumbnail","6":"product_cat-electronic","7":"product_cat-electronic-fi","8":"product_cat-rock-fi","9":"product_cat-rock","11":"first","12":"instock","13":"taxable","14":"shipping-taxable","15":"purchasable","16":"product-type-simple"},"acf":[],"mb":[],"mfb_rest_fields":["title"],"_links":{"self":[{"href":"https:\/\/digelius.com\/fi\/wp-json\/wp\/v2\/product\/2564594","targetHints":{"allow":["GET"]}}],"collection":[{"href":"https:\/\/digelius.com\/fi\/wp-json\/wp\/v2\/product"}],"about":[{"href":"https:\/\/digelius.com\/fi\/wp-json\/wp\/v2\/types\/product"}],"wp:featuredmedia":[{"embeddable":true,"href":"https:\/\/digelius.com\/fi\/wp-json\/wp\/v2\/media\/3148287"}],"wp:attachment":[{"href":"https:\/\/digelius.com\/fi\/wp-json\/wp\/v2\/media?parent=2564594"}],"wp:term":[{"taxonomy":"product_brand","embeddable":true,"href":"https:\/\/digelius.com\/fi\/wp-json\/wp\/v2\/product_brand?post=2564594"},{"taxonomy":"product_cat","embeddable":true,"href":"https:\/\/digelius.com\/fi\/wp-json\/wp\/v2\/product_cat?post=2564594"},{"taxonomy":"product_tag","embeddable":true,"href":"https:\/\/digelius.com\/fi\/wp-json\/wp\/v2\/product_tag?post=2564594"}],"curies":[{"name":"wp","href":"https:\/\/api.w.org\/{rel}","templated":true}]}}