{"id":2564989,"date":"2025-05-22T17:06:54","date_gmt":"2025-05-22T14:06:54","guid":{"rendered":"https:\/\/digelius.com\/product\/dave-lindholm-valmista-kamaa-daven-parhaat-1972-1996\/"},"modified":"2025-08-05T17:14:16","modified_gmt":"2025-08-05T14:14:16","slug":"dave-lindholm-valmista-kamaa-daven-parhaat-1972-1996","status":"publish","type":"product","link":"https:\/\/digelius.com\/fi\/product\/dave-lindholm-valmista-kamaa-daven-parhaat-1972-1996\/","title":{"rendered":"Dave Lindholm: Valmista Kamaa (Daven Parhaat 1972-1996)"},"content":{"rendered":"<\/p>\n<p>T\u00e4m\u00e4 kokoelma on Rockadillo Recordsin ja Siboneyn yhteisty\u00f6julkaisu<\/p>\n<p>\u00a9 &amp; \u2117 Siboney 1996<\/p>\n","protected":false},"excerpt":{"rendered":"<p>Media Condition: Near Mint (NM or M-)<\/p>\n<p>Sleeve Condition: Near Mint (NM or M-)<\/p>\n<p>Label: Love Records (4)<\/p>\n<p>Released: 1996<\/p>\n","protected":false},"featured_media":3148239,"template":"","meta":{"_acf_changed":false},"product_brand":[],"product_cat":[28,27],"product_tag":[],"class_list":{"0":"post-2564989","1":"product","2":"type-product","3":"status-publish","4":"has-post-thumbnail","6":"product_cat-pop","7":"product_cat-rock","9":"first","10":"instock","11":"taxable","12":"shipping-taxable","13":"purchasable","14":"product-type-simple"},"acf":[],"mb":[],"mfb_rest_fields":["title"],"_links":{"self":[{"href":"https:\/\/digelius.com\/fi\/wp-json\/wp\/v2\/product\/2564989","targetHints":{"allow":["GET"]}}],"collection":[{"href":"https:\/\/digelius.com\/fi\/wp-json\/wp\/v2\/product"}],"about":[{"href":"https:\/\/digelius.com\/fi\/wp-json\/wp\/v2\/types\/product"}],"wp:featuredmedia":[{"embeddable":true,"href":"https:\/\/digelius.com\/fi\/wp-json\/wp\/v2\/media\/3148239"}],"wp:attachment":[{"href":"https:\/\/digelius.com\/fi\/wp-json\/wp\/v2\/media?parent=2564989"}],"wp:term":[{"taxonomy":"product_brand","embeddable":true,"href":"https:\/\/digelius.com\/fi\/wp-json\/wp\/v2\/product_brand?post=2564989"},{"taxonomy":"product_cat","embeddable":true,"href":"https:\/\/digelius.com\/fi\/wp-json\/wp\/v2\/product_cat?post=2564989"},{"taxonomy":"product_tag","embeddable":true,"href":"https:\/\/digelius.com\/fi\/wp-json\/wp\/v2\/product_tag?post=2564989"}],"curies":[{"name":"wp","href":"https:\/\/api.w.org\/{rel}","templated":true}]}}