{"id":2599393,"date":"2025-05-27T11:32:02","date_gmt":"2025-05-27T08:32:02","guid":{"rendered":"https:\/\/digelius.com\/product\/olavi-virta-kootut-levyt-osa-25-1957-58\/"},"modified":"2026-01-23T07:02:15","modified_gmt":"2026-01-23T05:02:15","slug":"olavi-virta-kootut-levyt-osa-25-1957-58","status":"publish","type":"product","link":"https:\/\/digelius.com\/fi\/product\/olavi-virta-kootut-levyt-osa-25-1957-58\/","title":{"rendered":"Olavi Virta: Kootut Levyt Osa 25 \u2013 1957-58"},"content":{"rendered":"<\/p>\n<p>Made in Germany by [W] Warner Music Manufacturing Europe<br \/>\n1994 Fazer Musiikki Oy<br \/>\np 1957 &#8211; 1958 Levytukku<br \/>\n1994 Fazer Finnlevy<\/p>\n<p>Raidat  8-9 ja 18 on kopioitu levyilt\u00e4 koska alkuper\u00e4isi\u00e4 masternauhoja ei ole l\u00f6ydetty. Kaikki t\u00e4m\u00e4n levyn kappaleet on k\u00e4sitelty NoNoise\u00ae-h\u00e4iri\u00f6npoisto j\u00e4rjestelm\u00e4ll\u00e4.<\/p>\n<p>1. calypso, 2. foxtrot, 3. foxtrot, 4. slowfox, 5. foxtrot, 6. foxtrot, 7. foxtrot, 8. foxtrot, 9. foxtrot, 10. tango, 11. foxtrot, 12. foxtrot, 13. valssi, 14. beguine, 15. foxtrot (elokuvasta &#8221;Nuori myll\u00e4ri&#8221;), 16. valssi, 17. valssi, 18. valssi, 19. beguine, 20. tango.<\/p>\n<p>Publishers: 1. Fazer, 2. Warner\/Chappell\/Air Music, 3. Fazer, 4. Stockholms Musikprod. 5. Peermusic, 6. L. Whitcup Inc.\/Milene Music, 7. Succemelodier, 8. Scandia, 9. -, 10. Thore Ehrling, 11. Scandia, 12. Fazer, 13. Shapiro Bernstein Co., 14. Peermusic, 15. Scandia, 16. -, 17. Reuter &amp; Reuter, 18. Peermusic, 19. Air Music, 20. Bosworth &amp; Co.<\/p>\n<p>Track 20 orchestra is credited as generic &#8221;Suuri Tango-orkesteri&#8221;<\/p>\n","protected":false},"excerpt":{"rendered":"<p>Media Condition: Near Mint (NM or M-)<\/p>\n<p>Sleeve Condition: Near Mint (NM or M-)<\/p>\n<p>Label: Helmi<\/p>\n<p>Released: 1994<\/p>\n","protected":false},"featured_media":3148194,"template":"","meta":{"_acf_changed":false},"product_brand":[],"product_cat":[31,135,28,142],"product_tag":[],"class_list":{"0":"post-2599393","1":"product","2":"type-product","3":"status-publish","4":"has-post-thumbnail","6":"product_cat-folk-world-country","7":"product_cat-latin","8":"product_cat-pop","9":"product_cat-stage-screen","11":"first","12":"instock","13":"taxable","14":"shipping-taxable","15":"purchasable","16":"product-type-simple"},"acf":[],"mb":[],"mfb_rest_fields":["title"],"_links":{"self":[{"href":"https:\/\/digelius.com\/fi\/wp-json\/wp\/v2\/product\/2599393","targetHints":{"allow":["GET"]}}],"collection":[{"href":"https:\/\/digelius.com\/fi\/wp-json\/wp\/v2\/product"}],"about":[{"href":"https:\/\/digelius.com\/fi\/wp-json\/wp\/v2\/types\/product"}],"wp:featuredmedia":[{"embeddable":true,"href":"https:\/\/digelius.com\/fi\/wp-json\/wp\/v2\/media\/3148194"}],"wp:attachment":[{"href":"https:\/\/digelius.com\/fi\/wp-json\/wp\/v2\/media?parent=2599393"}],"wp:term":[{"taxonomy":"product_brand","embeddable":true,"href":"https:\/\/digelius.com\/fi\/wp-json\/wp\/v2\/product_brand?post=2599393"},{"taxonomy":"product_cat","embeddable":true,"href":"https:\/\/digelius.com\/fi\/wp-json\/wp\/v2\/product_cat?post=2599393"},{"taxonomy":"product_tag","embeddable":true,"href":"https:\/\/digelius.com\/fi\/wp-json\/wp\/v2\/product_tag?post=2599393"}],"curies":[{"name":"wp","href":"https:\/\/api.w.org\/{rel}","templated":true}]}}