{"id":2599443,"date":"2025-05-27T11:42:02","date_gmt":"2025-05-27T08:42:02","guid":{"rendered":"https:\/\/digelius.com\/product\/lehtojarven-hirvenpaa-lehtojarven-hirvenpaa-2\/"},"modified":"2026-01-23T08:01:47","modified_gmt":"2026-01-23T06:01:47","slug":"lehtojarven-hirvenpaa-lehtojarven-hirvenpaa-2","status":"publish","type":"product","link":"https:\/\/digelius.com\/fi\/product\/lehtojarven-hirvenpaa-lehtojarven-hirvenpaa-2\/","title":{"rendered":"Lehtoj\u00e4rven Hirvenp\u00e4\u00e4: Lehtoj\u00e4rven Hirvenp\u00e4\u00e4"},"content":{"rendered":"<\/p>\n","protected":false},"excerpt":{"rendered":"<p>Media Condition: Near Mint (NM or M-)<\/p>\n<p>Sleeve Condition: Near Mint (NM or M-)<\/p>\n<p>Label: Helmi Levyt<\/p>\n<p>Released: 2019<\/p>\n","protected":false},"featured_media":3148176,"template":"","meta":{"_acf_changed":false},"product_brand":[],"product_cat":[31,135],"product_tag":[],"class_list":{"0":"post-2599443","1":"product","2":"type-product","3":"status-publish","4":"has-post-thumbnail","6":"product_cat-folk-world-country","7":"product_cat-latin","9":"first","10":"instock","11":"taxable","12":"shipping-taxable","13":"purchasable","14":"product-type-simple"},"acf":[],"mb":[],"mfb_rest_fields":["title"],"_links":{"self":[{"href":"https:\/\/digelius.com\/fi\/wp-json\/wp\/v2\/product\/2599443","targetHints":{"allow":["GET"]}}],"collection":[{"href":"https:\/\/digelius.com\/fi\/wp-json\/wp\/v2\/product"}],"about":[{"href":"https:\/\/digelius.com\/fi\/wp-json\/wp\/v2\/types\/product"}],"wp:featuredmedia":[{"embeddable":true,"href":"https:\/\/digelius.com\/fi\/wp-json\/wp\/v2\/media\/3148176"}],"wp:attachment":[{"href":"https:\/\/digelius.com\/fi\/wp-json\/wp\/v2\/media?parent=2599443"}],"wp:term":[{"taxonomy":"product_brand","embeddable":true,"href":"https:\/\/digelius.com\/fi\/wp-json\/wp\/v2\/product_brand?post=2599443"},{"taxonomy":"product_cat","embeddable":true,"href":"https:\/\/digelius.com\/fi\/wp-json\/wp\/v2\/product_cat?post=2599443"},{"taxonomy":"product_tag","embeddable":true,"href":"https:\/\/digelius.com\/fi\/wp-json\/wp\/v2\/product_tag?post=2599443"}],"curies":[{"name":"wp","href":"https:\/\/api.w.org\/{rel}","templated":true}]}}