{"id":26098,"date":"2023-12-30T14:37:48","date_gmt":"2023-12-30T12:37:48","guid":{"rendered":"https:\/\/digelius.qb.web-veistamo.fi\/product\/solju-odda-aigodat-new-times\/"},"modified":"2026-02-05T12:01:26","modified_gmt":"2026-02-05T10:01:26","slug":"solju-odda-aigodat-new-times","status":"publish","type":"product","link":"https:\/\/digelius.com\/fi\/product\/solju-odda-aigodat-new-times\/","title":{"rendered":"Solju: O\u0111\u0111a \u00c1igodat = New Times"},"content":{"rendered":"<p>New copy. Pickup possible at Digelius Music in Helsinki (by selecting the &quot;local pickup&quot; shipping option).<\/p>\n<p>Recorded in 2017 at Evitskog, at J\u00e4tk\u00e4saari, at UduMood Studio, at Helsinki Music Centre and at CNSO Studios \/ Prague<br \/>\nMixed \/ Bebe Nevado Music Inc. Oy<br \/>\nMastered \/ Waudio<\/p>\n","protected":false},"excerpt":{"rendered":"<p>Media Condition: Mint (M)<\/p>\n<p>Sleeve Condition: Mint (M)<\/p>\n<p>Label: Bafe&#8217;s Factory,Nordic Notes<\/p>\n<p>Released: 2018<\/p>\n","protected":false},"featured_media":3153986,"template":"","meta":{"_acf_changed":false},"product_brand":[],"product_cat":[31],"product_tag":[],"class_list":{"0":"post-26098","1":"product","2":"type-product","3":"status-publish","4":"has-post-thumbnail","6":"product_cat-folk-world-country","8":"first","9":"instock","10":"taxable","11":"shipping-taxable","12":"purchasable","13":"product-type-simple"},"acf":[],"mb":[],"mfb_rest_fields":["title"],"_links":{"self":[{"href":"https:\/\/digelius.com\/fi\/wp-json\/wp\/v2\/product\/26098","targetHints":{"allow":["GET"]}}],"collection":[{"href":"https:\/\/digelius.com\/fi\/wp-json\/wp\/v2\/product"}],"about":[{"href":"https:\/\/digelius.com\/fi\/wp-json\/wp\/v2\/types\/product"}],"wp:featuredmedia":[{"embeddable":true,"href":"https:\/\/digelius.com\/fi\/wp-json\/wp\/v2\/media\/3153986"}],"wp:attachment":[{"href":"https:\/\/digelius.com\/fi\/wp-json\/wp\/v2\/media?parent=26098"}],"wp:term":[{"taxonomy":"product_brand","embeddable":true,"href":"https:\/\/digelius.com\/fi\/wp-json\/wp\/v2\/product_brand?post=26098"},{"taxonomy":"product_cat","embeddable":true,"href":"https:\/\/digelius.com\/fi\/wp-json\/wp\/v2\/product_cat?post=26098"},{"taxonomy":"product_tag","embeddable":true,"href":"https:\/\/digelius.com\/fi\/wp-json\/wp\/v2\/product_tag?post=26098"}],"curies":[{"name":"wp","href":"https:\/\/api.w.org\/{rel}","templated":true}]}}