{"id":26109,"date":"2023-12-30T14:47:25","date_gmt":"2023-12-30T12:47:25","guid":{"rendered":"https:\/\/digelius.qb.web-veistamo.fi\/product\/vuokko-hovatta-kolmisin-pysykaa-sangyssa-sunnuntaisin\/"},"modified":"2026-02-05T12:01:28","modified_gmt":"2026-02-05T10:01:28","slug":"vuokko-hovatta-kolmisin-pysykaa-sangyssa-sunnuntaisin","status":"publish","type":"product","link":"https:\/\/digelius.com\/fi\/product\/vuokko-hovatta-kolmisin-pysykaa-sangyssa-sunnuntaisin\/","title":{"rendered":"Vuokko Hovatta Kolmisin: Pysyk\u00e4\u00e4 S\u00e4ngyss\u00e4 Sunnuntaisin"},"content":{"rendered":"<p>New copy. Pickup possible at Digelius Music in Helsinki (by selecting the &quot;local pickup&quot; shipping option).<\/p>\n<p>Digipak<\/p>\n","protected":false},"excerpt":{"rendered":"<p>Media Condition: Mint (M)<\/p>\n<p>Sleeve Condition: Mint (M)<\/p>\n<p>Label: Doorbell Music<\/p>\n<p>Released: 2018<\/p>\n","protected":false},"featured_media":3153984,"template":"","meta":{"_acf_changed":false},"product_brand":[],"product_cat":[16,28],"product_tag":[],"class_list":{"0":"post-26109","1":"product","2":"type-product","3":"status-publish","4":"has-post-thumbnail","6":"product_cat-jazz","7":"product_cat-pop","9":"first","10":"instock","11":"taxable","12":"shipping-taxable","13":"purchasable","14":"product-type-simple"},"acf":[],"mb":[],"mfb_rest_fields":["title"],"_links":{"self":[{"href":"https:\/\/digelius.com\/fi\/wp-json\/wp\/v2\/product\/26109","targetHints":{"allow":["GET"]}}],"collection":[{"href":"https:\/\/digelius.com\/fi\/wp-json\/wp\/v2\/product"}],"about":[{"href":"https:\/\/digelius.com\/fi\/wp-json\/wp\/v2\/types\/product"}],"wp:featuredmedia":[{"embeddable":true,"href":"https:\/\/digelius.com\/fi\/wp-json\/wp\/v2\/media\/3153984"}],"wp:attachment":[{"href":"https:\/\/digelius.com\/fi\/wp-json\/wp\/v2\/media?parent=26109"}],"wp:term":[{"taxonomy":"product_brand","embeddable":true,"href":"https:\/\/digelius.com\/fi\/wp-json\/wp\/v2\/product_brand?post=26109"},{"taxonomy":"product_cat","embeddable":true,"href":"https:\/\/digelius.com\/fi\/wp-json\/wp\/v2\/product_cat?post=26109"},{"taxonomy":"product_tag","embeddable":true,"href":"https:\/\/digelius.com\/fi\/wp-json\/wp\/v2\/product_tag?post=26109"}],"curies":[{"name":"wp","href":"https:\/\/api.w.org\/{rel}","templated":true}]}}