{"id":2664893,"date":"2025-06-05T14:56:42","date_gmt":"2025-06-05T11:56:42","guid":{"rendered":"https:\/\/digelius.com\/product\/paavo-heininen-jouko-laivuori-paavo-heininen\/"},"modified":"2026-01-22T21:02:52","modified_gmt":"2026-01-22T19:02:52","slug":"paavo-heininen-jouko-laivuori-paavo-heininen","status":"publish","type":"product","link":"https:\/\/digelius.com\/fi\/product\/paavo-heininen-jouko-laivuori-paavo-heininen\/","title":{"rendered":"Paavo Heininen, Jouko Laivuori: Paavo Heininen"},"content":{"rendered":"<p>Still sealed<\/p>\n<p>Recorded in J\u00e4rvenp\u00e4\u00e4 Hall, J\u00e4rvenp\u00e4\u00e4, Finland. October 1990<\/p>\n","protected":false},"excerpt":{"rendered":"<p>Media Condition: Mint (M)<\/p>\n<p>Sleeve Condition: Mint (M)<\/p>\n<p>Label: Finlandia Records<\/p>\n<p>Released: 1991<\/p>\n","protected":false},"featured_media":3155754,"template":"","meta":{"_acf_changed":false},"product_brand":[],"product_cat":[23],"product_tag":[],"class_list":{"0":"post-2664893","1":"product","2":"type-product","3":"status-publish","4":"has-post-thumbnail","6":"product_cat-classical","8":"first","9":"instock","10":"taxable","11":"shipping-taxable","12":"purchasable","13":"product-type-simple"},"acf":[],"mb":[],"mfb_rest_fields":["title"],"_links":{"self":[{"href":"https:\/\/digelius.com\/fi\/wp-json\/wp\/v2\/product\/2664893","targetHints":{"allow":["GET"]}}],"collection":[{"href":"https:\/\/digelius.com\/fi\/wp-json\/wp\/v2\/product"}],"about":[{"href":"https:\/\/digelius.com\/fi\/wp-json\/wp\/v2\/types\/product"}],"wp:featuredmedia":[{"embeddable":true,"href":"https:\/\/digelius.com\/fi\/wp-json\/wp\/v2\/media\/3155754"}],"wp:attachment":[{"href":"https:\/\/digelius.com\/fi\/wp-json\/wp\/v2\/media?parent=2664893"}],"wp:term":[{"taxonomy":"product_brand","embeddable":true,"href":"https:\/\/digelius.com\/fi\/wp-json\/wp\/v2\/product_brand?post=2664893"},{"taxonomy":"product_cat","embeddable":true,"href":"https:\/\/digelius.com\/fi\/wp-json\/wp\/v2\/product_cat?post=2664893"},{"taxonomy":"product_tag","embeddable":true,"href":"https:\/\/digelius.com\/fi\/wp-json\/wp\/v2\/product_tag?post=2664893"}],"curies":[{"name":"wp","href":"https:\/\/api.w.org\/{rel}","templated":true}]}}